{"id":104,"date":"2013-04-21T16:23:24","date_gmt":"2013-04-21T16:23:24","guid":{"rendered":"http:\/\/www.virtualusatic.org\/?page_id=104"},"modified":"2026-02-16T19:37:17","modified_gmt":"2026-02-16T19:37:17","slug":"normas-de-participacion","status":"publish","type":"page","link":"http:\/\/www.virtualusatic.org\/?page_id=104","title":{"rendered":"Normas de participaci\u00f3n"},"content":{"rendered":"<p>Por favor, lea las presentes normas y condiciones cuidadosamente.<\/p>\n<ol>\n<li style=\"list-style-type: none;\">\n<ol>\n<li>Para participar en el congreso virtual es necesario realizar la <a href=\"http:\/\/www.virtualusatic.org\/?page_id=29\"><strong>inscripci\u00f3n<\/strong><\/a> previamente.<\/li>\n<li>La inscripci\u00f3n como participante lleva impl\u00edcita la <strong>aceptaci\u00f3n<\/strong> de estas normas de participaci\u00f3n.<\/li>\n<li>Cada participante se compromete a que los datos que aporta en el formulario de inscripci\u00f3n al congreso son ciertos. Por otra parte, la organizaci\u00f3n se compromete a proteger y realizar un buen uso de ellos, no divulgando la informaci\u00f3n personal proporcionada por los participantes. Estos datos ser\u00e1n incorporados a una base de datos FEUZ para facilitar la gesti\u00f3n administrativa, la estad\u00edstica y la comunicaci\u00f3n con ambas partes. No ser\u00e1n utilizados con otro fin. El interesado podr\u00e1 acceder a los datos, modificarlos o cancelarlos de acuerdo con lo establecido en la Ley Org\u00e1nica de Protecci\u00f3n de Datos de Car\u00e1cter Personal 15\/99.<\/li>\n<li>Cada participante de la Uni\u00f3n Europea acepta la inscripci\u00f3n, por parte de la organizaci\u00f3n del congreso, en la microcredencial del Plan Microcreds de la Universidad de Zaragoza \u201c<em>Competencias digitales avanzadas aplicadas a comunicaci\u00f3n digital y gesti\u00f3n de contenidos en entornos profesionales<\/em>\u201d, correspondiente al programa formativo, y para su posterior certificaci\u00f3n expedida en Europass, as\u00ed como las condiciones de inscripci\u00f3n requeridas para ello.<\/li>\n<li>Cada participante es responsable de la informaci\u00f3n, opiniones, comentarios\u2026 expresados tanto en sus comunicaciones como en los espacios de interacci\u00f3n del congreso, siendo adem\u00e1s su contenido propiedad de sus autores. La organizaci\u00f3n del congreso no se hace responsable de estos contenidos ni de su distribuci\u00f3n fuera de los canales propios del congreso.<\/li>\n<li>Cada participante se compromete a mantener un comportamiento decoroso en sus intervenciones, respetando las opiniones del resto de participantes y cuidando que el contenido de sus comentarios no sea ofensivo. Adem\u00e1s, las aportaciones que no guarden relaci\u00f3n con la tem\u00e1tica correspondiente donde se realizan ser\u00e1n autom\u00e1ticamente eliminadas con la correspondiente amonestaci\u00f3n al participante.<\/li>\n<li>Se proh\u00edbe la manipulaci\u00f3n y comercializaci\u00f3n por cualquier medio y forma de toda informaci\u00f3n o contenido incluido en el desarrollo del congreso. Una vez concluido, los <strong>res\u00famenes<\/strong> de las ponencias y comunicaciones se publicar\u00e1n en el <a title=\"Actas\" href=\"http:\/\/www.virtualusatic.org\/?page_id=1568\" target=\"_blank\" rel=\"noopener noreferrer\">libro de Actas<\/a> con ISBN.<\/li>\n<li>La organizaci\u00f3n del congreso podr\u00e1 expulsar del evento\u00a0a aquellos participantes que incumplan de manera reiterada estas normas de participaci\u00f3n.<\/li>\n<li>Los autores <strong>aceptan<\/strong> que los res\u00famenes de sus comunicaciones puedan publicarse en las Actas del Congreso. As\u00ed mismo, aceptan que los res\u00famenes y las comunicaciones puedan distribuirse en abierto en la Web del Congreso Virtual USATIC (<a href=\"http:\/\/www.virtualusatic.org\">http:\/\/www.virtualusatic.org<\/a>) o cualquiera de los espacios o canales en redes sociales asociados a este (YouTube, SlideShare\u2026). Al realizar la inscripci\u00f3n de una comunicaci\u00f3n en el Congreso Virtual USATIC, el o los autores otorgan a la organizaci\u00f3n (exclusivamente para su publicaci\u00f3n en la Web y en las Actas, uso y difusi\u00f3n en Internet a disposici\u00f3n de terceros) la cesi\u00f3n indefinida, no exclusiva, gratuita y de \u00e1mbito mundial de los derechos de explotaci\u00f3n sobre las contribuciones en el Congreso, conforme a la legislaci\u00f3n espa\u00f1ola de propiedad intelectual. En todo caso, el autor o autores conservan los derechos de propiedad intelectual sobre sus trabajos.<\/li>\n<li>La organizaci\u00f3n del congreso se reserva la posibilidad de modificar e interpretar estas normas de participaci\u00f3n.<\/li>\n<\/ol>\n<\/li>\n<\/ol>\n<hr \/>\n","protected":false},"excerpt":{"rendered":"<p>Por favor, lea las presentes normas y condiciones cuidadosamente. Para participar en el congreso virtual es necesario realizar la inscripci\u00f3n previamente. La inscripci\u00f3n como participante lleva impl\u00edcita la aceptaci\u00f3n de estas normas de participaci\u00f3n. Cada participante se compromete a que los datos que aporta en el formulario de inscripci\u00f3n al congreso son ciertos. Por otra &hellip; <\/p>\n<p class=\"link-more\"><a href=\"http:\/\/www.virtualusatic.org\/?page_id=104\" class=\"more-link\">Continuar leyendo<span class=\"screen-reader-text\"> \u00abNormas de participaci\u00f3n\u00bb<\/span><\/a><\/p>\n","protected":false},"author":2,"featured_media":0,"parent":29,"menu_order":3,"comment_status":"closed","ping_status":"closed","template":"","meta":{"footnotes":""},"_links":{"self":[{"href":"http:\/\/www.virtualusatic.org\/index.php?rest_route=\/wp\/v2\/pages\/104"}],"collection":[{"href":"http:\/\/www.virtualusatic.org\/index.php?rest_route=\/wp\/v2\/pages"}],"about":[{"href":"http:\/\/www.virtualusatic.org\/index.php?rest_route=\/wp\/v2\/types\/page"}],"author":[{"embeddable":true,"href":"http:\/\/www.virtualusatic.org\/index.php?rest_route=\/wp\/v2\/users\/2"}],"replies":[{"embeddable":true,"href":"http:\/\/www.virtualusatic.org\/index.php?rest_route=%2Fwp%2Fv2%2Fcomments&post=104"}],"version-history":[{"count":36,"href":"http:\/\/www.virtualusatic.org\/index.php?rest_route=\/wp\/v2\/pages\/104\/revisions"}],"predecessor-version":[{"id":7064,"href":"http:\/\/www.virtualusatic.org\/index.php?rest_route=\/wp\/v2\/pages\/104\/revisions\/7064"}],"up":[{"embeddable":true,"href":"http:\/\/www.virtualusatic.org\/index.php?rest_route=\/wp\/v2\/pages\/29"}],"wp:attachment":[{"href":"http:\/\/www.virtualusatic.org\/index.php?rest_route=%2Fwp%2Fv2%2Fmedia&parent=104"}],"curies":[{"name":"wp","href":"https:\/\/api.w.org\/{rel}","templated":true}]}}