{"id":29,"date":"2013-04-18T09:23:19","date_gmt":"2013-04-18T09:23:19","guid":{"rendered":"http:\/\/www.virtualusatic.org\/?page_id=29"},"modified":"2026-04-12T20:07:44","modified_gmt":"2026-04-12T20:07:44","slug":"inscripcion-certificado","status":"publish","type":"page","link":"http:\/\/www.virtualusatic.org\/?page_id=29","title":{"rendered":"Inscripci\u00f3n"},"content":{"rendered":"<hr \/>\n<p style=\"text-align: center;\"><strong>Cada autor que desee recibir certificaci\u00f3n debe realizar la inscripci\u00f3n de forma individual.<br \/>\nEl pago de las tasas es por persona inscrita.\u00a0<\/strong><\/p>\n<p style=\"text-align: center;\"><span style=\"color: #0000ff;\"><strong>Por favor, lea toda la informaci\u00f3n de esta p\u00e1gina antes de realizar la inscripci\u00f3n<\/strong><\/span><\/p>\n<hr \/>\n<p>El congreso lleva asociado para todos los participantes un programa formativo gratuito (incluido en el pago de la tasa de inscripci\u00f3n). Puede consultar los detalles de este programa <a href=\"https:\/\/www.virtualusatic.org\/?page_id=189\" target=\"_blank\" rel=\"noopener\">AQU\u00cd<\/a>.\u00a0 La inscripci\u00f3n incluye:<\/p>\n<ol>\n<li style=\"list-style-type: none;\">\n<ol>\n<li>la asistencia,<\/li>\n<li>la presentaci\u00f3n de hasta dos comunicaciones,<\/li>\n<li>el programa formativo.<\/li>\n<\/ol>\n<\/li>\n<\/ol>\n<p><strong style=\"color: #800000;\">CERTIFICADOS<\/strong><\/p>\n<p>Se emitir\u00e1n tres tipos de certificado:<\/p>\n<ol>\n<li style=\"list-style-type: none;\">\n<ol>\n<li>Por asistencia.<\/li>\n<li>Por cada comunicaci\u00f3n presentada (hasta dos).<\/li>\n<li>Por el programa formativo de 2 ECTS (20 horas). Para los participantes de la Uni\u00f3n Europea el certificado se emitir\u00e1 en formato de microcredencial expedida en Europass.<\/li>\n<\/ol>\n<\/li>\n<\/ol>\n<p><strong>Todos los certificados son personales<\/strong>, por lo que cada autor firmante de una comunicaci\u00f3n que desee certificado personal debe inscribirse y abonar la correspondiente cuota.<\/p>\n<p>En los certificados de presentaci\u00f3n de comunicaci\u00f3n solo aparecer\u00e1 <strong>el nombre del autor que recibe el certificado <\/strong>(independientemente del n\u00famero de autores que firmen cada trabajo) y <strong>el t\u00edtulo de la comunicaci\u00f3n<\/strong>.<\/p>\n<div>\n<p><span style=\"color: #800000;\"><strong>DERECHOS CON EL PAGO DE LA INSCRIPCI\u00d3N<\/strong><\/span><\/p>\n<p>El pago de las tasas de inscripci\u00f3n da derecho a:<\/p>\n<ul>\n<li style=\"list-style-type: none;\">\n<ul>\n<li><strong>Acceso<\/strong> completo a todas las actividades del congreso: Webconferencias plenarias, comunicaciones, participaci\u00f3n en los espacios de interacci\u00f3n que acompa\u00f1en a cada una de estas actividades y programa formativo.<\/li>\n<li>Una copia gratuita del libro de <strong>Actas<\/strong> en formato digital con ISBN.<\/li>\n<li><strong>UN certificado<\/strong> personal de asistencia.<\/li>\n<li>Hasta <strong>DOS certificados<\/strong> personales de comunicaci\u00f3n en las que aparezca como autor.<\/li>\n<li>Certificaci\u00f3n del <strong>programa formativo<\/strong>. Para los participantes de la Uni\u00f3n Europea el certificado se emitir\u00e1 en formato de microcredencial expedida en Europass. M\u00e1s informaci\u00f3n <a href=\"https:\/\/www.virtualusatic.org\/?page_id=189\" target=\"_blank\" rel=\"noopener\">AQU\u00cd<\/a>.<\/li>\n<li>Entre todas las comunicaciones al Congreso, el Comit\u00e9 Cient\u00edfico y Organizador <strong>seleccionar\u00e1 los mejores trabajos<\/strong> para invitar (sin coste) a los autores a preparar un <strong>cap\u00edtulo de libro<\/strong> que se publicar\u00e1 con acceso abierto desde la Universidad de Zaragoza.\u00a0 <strong>Para optar<\/strong> <strong>a participar en esta publicaci\u00f3n, todos los autores\u00a0 firmantes<\/strong> de la correspondiente comunicaci\u00f3n de la que derivar\u00e1 el cap\u00edtulo de este libro <strong>deber\u00e1n haber formalizado y abonado la cuota de inscripci\u00f3n en el congreso<\/strong>.<\/li>\n<\/ul>\n<\/li>\n<\/ul>\n<\/div>\n<p><span style=\"color: #800000;\"><strong>FORMAS DE PAGO<\/strong><\/span><\/p>\n<div>\n<p>El pago de la cuota de inscripci\u00f3n se puede realizar mediante transferencia bancaria o ingreso bancario. Tambi\u00e9n con tarjeta mediante pasarela de pago seguro, en cuyo caso el pago se realizar\u00e1 durante el proceso de realizaci\u00f3n de la inscripci\u00f3n (t\u00e9ngala a mano antes de realizar la inscripci\u00f3n).<\/p>\n<p>Es MUY IMPORTANTE que en el formulario de inscripci\u00f3n indique<strong> CORRECTAMENTE su e-mail, Documento de Identificaci\u00f3n y su DIRECCI\u00d3N POSTAL COMPLETA incluyendo el PA\u00cdS<\/strong>, puesto que estos datos son precisos para emitir los certificados una vez concluido el congreso.<\/p>\n<\/div>\n<p><strong><span style=\"color: #800000;\">CUOTAS DE INSCRIPCI\u00d3N<\/span><\/strong><\/p>\n<div class=\"caja cajaverde\">\n<div class=\"caja cajaamarilla\">\n<ul>\n<li style=\"list-style-type: none;\">\n<ul>\n<li><strong><span style=\"color: #800000;\">CUOTA reducida de 110 euros: <\/span>del 6 de abril hasta el 6 de mayo de 2026.<\/strong><\/li>\n<li><strong><span style=\"color: #800000;\">CUOTA regular de 160 euros: <\/span>del 7 de mayo al 11 de mayo de 2026.<\/strong><\/li>\n<\/ul>\n<\/li>\n<\/ul>\n<\/div>\n<p>Las fechas est\u00e1n referidas al horario oficial Madrid, Espa\u00f1a.<\/p>\n<table>\n<tbody>\n<tr>\n<td style=\"background-color: #faefed;\"><span style=\"color: #800000;\"><strong>MUY IMPORTANTE:<\/strong><\/span>\u00a0La Fundaci\u00f3n Empresa-Universidad (FEUZ) gestiona el proceso de inscripci\u00f3n. Si usted no tiene cuenta previa en FEUZ, para el acceso por primera vez al formulario deber\u00e1 realizar un REGISTRO como usuario en FEUZ. Guarde sus credenciales para accesos posteriores en FEUZ.<\/td>\n<\/tr>\n<\/tbody>\n<\/table>\n<p style=\"text-align: center;\"><strong><a href=\"https:\/\/www.feuz.es\/congreso\/congreso-internacional-virtual-usatic-2026-ubicuo-y-social-aprendizaje-con-tic\/\" target=\"_blank\" rel=\"noopener noreferrer\"> <input style=\"background-color: #008000; color: #ffffff;\" name=\"button\" type=\"submit\" value=\"FORMULARIO DE INSCRIPCI\u00d3N en FEUZ\" \/><\/a><\/strong><\/p>\n<p><!--\n\n\n<p style=\"text-align: center;\"><strong><input style=\"background-color: #008000; color: #ffffff;\" name=\"button\" type=\"submit\" value=\"FORMULARIO DE INSCRIPCI\u00d3N en FEUZ\" \/><\/strong><\/p>\n\n\n\n\n<p style=\"text-align: center;\"><span style=\"color: #800000;\"><b>\u00a0<\/b><\/span><strong style=\"color: #800000;\"><span style=\"background-color: #ffff00;\">El formulario para la inscripci\u00f3n y pago de las tasas se abrir\u00e1 el 6 de abril de 2026<\/span><\/strong><\/p>\n\n\n\n--><strong><span style=\"color: #800000;\">Pol\u00edtica de DEVOLUCIONES<\/span><\/strong><\/p>\n<div>\n<p>El importe satisfecho por la inscripci\u00f3n <strong>no podr\u00e1 devolverse<\/strong>, aunque finalmente no se asista o participe en el congreso.<\/p>\n<\/div>\n<\/div>\n<p><!--<span style=\"color: #800000;\"><strong>POSIBILIDAD de INSCRIPCI\u00d3N GRATUITA SIN CERTIFICADOS<\/strong><\/span>\n\n\n<div>\n\nSi no desea presentar contribuci\u00f3n alguna, ni acceder a los talleres, ni recibir certificado de ning\u00fan tipo en el congreso, existe la posibilidad de inscribirse gratuitamente. En este caso:\n\n\n<ul>\n \t\n\n<li>Podr\u00e1 acceder al espacio virtual para asistir a las Webconferencias plenarias, visualizar todas las ponencias, comunicaciones o p\u00f3steres y participar en los foros que acompa\u00f1en a cada una de estas actividades.<\/li>\n\n\n \t\n\n<li><del>Para acceder al congreso deber\u00e1 disponer de una cuenta de usuario en la <a href=\"http:\/\/www.virtualusatic.org\/?page_id=30\">plataforma virtual<\/a>. La gesti\u00f3n de esa cuenta la deber\u00e1 realizar usted mismo seg\u00fan las indicaciones que le proporcionaremos en el proceso de inscripci\u00f3n gratuita sin certificados.<\/del><\/li>\n\n\n \t\n\n<li>No se emitir\u00e1n certificados de participaci\u00f3n en esta modalidad.<\/li>\n\n\n \t\n\n<li>Al estar limitado el n\u00famero de plazas en las webconferencias, tendr\u00e1n prioridad los asistentes que hayan pagado la cuota de inscripci\u00f3n.<\/li>\n\n\n<\/ul>\n\n\n--><!--\n\n\n<p style=\"text-align: center;\"><strong><a href=\"https:\/\/docs.google.com\/forms\/d\/e\/1FAIpQLSfJk1dN_KrIqdNIXt_02paI8S-PlB8-FxjL4y5VUGE9jUHZ2w\/viewform?usp=sf_link\" target=\"_blank\" rel=\"noopener noreferrer\"><input style=\"background-color: #008000; color: #ffffff;\" name=\"button\" type=\"submit\" value=\"INSCRIPCI\u00d3N GRATUITA SIN CERTIFICADOS\" \/><\/a><\/strong><\/p>\n\n\n\n--><\/p>\n<p><!--\n\n\n<p style=\"text-align: center;\"><strong><input style=\"background-color: #008000; color: #ffffff;\" name=\"button\" type=\"submit\" value=\"INSCRIPCI\u00d3N GRATUITA SIN CERTIFICADOS\"><\/strong><\/p>\n\n\n\n\n<p style=\"text-align: center;\"><span style=\"color: #800000;\"><b>&nbsp;<\/b><\/span><strong style=\"color: #800000;\"><span style=\"background-color: #ffff00;\">El formulario de inscripci\u00f3n gratuita est\u00e1 cerrado, se abrir\u00e1 el 1 de junio de 2020<\/span><\/strong><\/p>\n\n\n\n--><\/p>\n<hr \/>\n","protected":false},"excerpt":{"rendered":"<p>Cada autor que desee recibir certificaci\u00f3n debe realizar la inscripci\u00f3n de forma individual. El pago de las tasas es por persona inscrita.\u00a0 Por favor, lea toda la informaci\u00f3n de esta p\u00e1gina antes de realizar la inscripci\u00f3n El congreso lleva asociado para todos los participantes un programa formativo gratuito (incluido en el pago de la tasa &hellip; <\/p>\n<p class=\"link-more\"><a href=\"http:\/\/www.virtualusatic.org\/?page_id=29\" class=\"more-link\">Continuar leyendo<span class=\"screen-reader-text\"> \u00abInscripci\u00f3n\u00bb<\/span><\/a><\/p>\n","protected":false},"author":4,"featured_media":0,"parent":0,"menu_order":3,"comment_status":"closed","ping_status":"closed","template":"","meta":{"footnotes":""},"_links":{"self":[{"href":"http:\/\/www.virtualusatic.org\/index.php?rest_route=\/wp\/v2\/pages\/29"}],"collection":[{"href":"http:\/\/www.virtualusatic.org\/index.php?rest_route=\/wp\/v2\/pages"}],"about":[{"href":"http:\/\/www.virtualusatic.org\/index.php?rest_route=\/wp\/v2\/types\/page"}],"author":[{"embeddable":true,"href":"http:\/\/www.virtualusatic.org\/index.php?rest_route=\/wp\/v2\/users\/4"}],"replies":[{"embeddable":true,"href":"http:\/\/www.virtualusatic.org\/index.php?rest_route=%2Fwp%2Fv2%2Fcomments&post=29"}],"version-history":[{"count":303,"href":"http:\/\/www.virtualusatic.org\/index.php?rest_route=\/wp\/v2\/pages\/29\/revisions"}],"predecessor-version":[{"id":7106,"href":"http:\/\/www.virtualusatic.org\/index.php?rest_route=\/wp\/v2\/pages\/29\/revisions\/7106"}],"wp:attachment":[{"href":"http:\/\/www.virtualusatic.org\/index.php?rest_route=%2Fwp%2Fv2%2Fmedia&parent=29"}],"curies":[{"name":"wp","href":"https:\/\/api.w.org\/{rel}","templated":true}]}}