{"id":32,"date":"2013-04-18T09:24:15","date_gmt":"2013-04-18T09:24:15","guid":{"rendered":"http:\/\/www.virtualusatic.org\/?page_id=32"},"modified":"2026-04-20T16:26:34","modified_gmt":"2026-04-20T16:26:34","slug":"calendario","status":"publish","type":"page","link":"http:\/\/www.virtualusatic.org\/?page_id=32","title":{"rendered":"Fechas de inter\u00e9s"},"content":{"rendered":"<p style=\"text-align: center;\"><strong><span style=\"background-color: #ffff00;\">29 de abril PLAZO AMPLIADO PARA ENV\u00cdO DE RES\u00daMENES<\/span><\/strong><\/p>\n<ul>\n<li><span style=\"color: #800000;\"><span style=\"font-size: medium;\"><strong>Del 16 de febrero hasta el 19 de abril de 2026 (<span style=\"background-color: #ffff00;\">29 de abril PLAZO AMPLIADO<\/span>)<\/strong><\/span><\/span>\n<ul>\n<li>Env\u00edo de res\u00famenes de comunicaciones.<\/li>\n<li><a href=\"http:\/\/www.virtualusatic.org\/?page_id=144\">P\u00e1gina de acceso al formulario de env\u00edo<\/a><\/li>\n<\/ul>\n<\/li>\n<li><span style=\"color: #800000;\"><span style=\"font-size: medium;\"><strong>Hasta el 1 de mayo de 2026 (<span style=\"background-color: #ffff00;\">4 de mayo para los res\u00famenes que lleguen en el plazo ampliado<\/span>)<\/strong><\/span><\/span>\n<ul>\n<li>Resoluci\u00f3n sobre la aceptaci\u00f3n de comunicaciones.<\/li>\n<\/ul>\n<\/li>\n<li><span style=\"color: #800000;\"><span style=\"font-size: medium;\"><strong>Del 6 de abril hasta el 6 de mayo de 2026<\/strong><\/span><\/span>\n<ul>\n<li>Inscripci\u00f3n con CUOTA reducida (110 euros).<\/li>\n<li><a href=\"http:\/\/www.virtualusatic.org\/?page_id=29\">P\u00e1gina de acceso a Inscripci\u00f3n<\/a><\/li>\n<\/ul>\n<\/li>\n<li><span style=\"color: #800000;\"><span style=\"font-size: medium;\"><strong>Del 7 de mayo al 11 de mayo de 2026<\/strong><\/span><\/span>\n<ul>\n<li>Inscripci\u00f3n con CUOTA regular (160 euros).<\/li>\n<li><a href=\"http:\/\/www.virtualusatic.org\/?page_id=29\">P\u00e1gina de acceso a Inscripci\u00f3n<\/a><\/li>\n<\/ul>\n<\/li>\n<li><span style=\"color: #800000;\"><span style=\"font-size: medium;\"><strong>Hasta el 8 de mayo de 2026<\/strong><\/span><\/span>\n<ul>\n<li>Plazo para el env\u00edo de comunicaciones en formato v\u00eddeo.<\/li>\n<li>No se admitir\u00e1n comunicaciones enviadas con posterioridad a esta fecha.<\/li>\n<\/ul>\n<\/li>\n<li><span style=\"color: #800000;\"><span style=\"font-size: medium;\"><strong>15 de mayo de 2026<\/strong><\/span><\/span>\n<ul>\n<li>Publicaci\u00f3n del programa definitivo.<\/li>\n<\/ul>\n<\/li>\n<li><span style=\"color: #800000;\"><span style=\"font-size: medium;\"><strong>19, 20 y 21 de mayo de 2026<\/strong><\/span><\/span>\n<ul>\n<li>Desarrollo del congreso: Webconferencias Plenarias, comunicaciones y espacios de interacci\u00f3n.<\/li>\n<\/ul>\n<\/li>\n<li><span style=\"color: #800000;\"><span style=\"font-size: medium;\"><strong>Del 11 de mayo al 7 de junio de 2026<\/strong><\/span><\/span>\n<ul>\n<li>Acceso al programa formativo.<\/li>\n<\/ul>\n<\/li>\n<li><span style=\"color: #800000;\"><span style=\"font-size: medium;\"><strong>Hasta 30 de junio de 2026<\/strong><\/span><\/span>\n<ul>\n<li>Env\u00edo de certificados.<\/li>\n<li>Env\u00edo de Actas.<\/li>\n<\/ul>\n<\/li>\n<\/ul>\n\n\n<p><\/p>\n","protected":false},"excerpt":{"rendered":"<p>29 de abril PLAZO AMPLIADO PARA ENV\u00cdO DE RES\u00daMENES Del 16 de febrero hasta el 19 de abril de 2026 (29 de abril PLAZO AMPLIADO) Env\u00edo de res\u00famenes de comunicaciones. P\u00e1gina de acceso al formulario de env\u00edo Hasta el 1 de mayo de 2026 (4 de mayo para los res\u00famenes que lleguen en el plazo &hellip; <\/p>\n<p class=\"link-more\"><a href=\"http:\/\/www.virtualusatic.org\/?page_id=32\" class=\"more-link\">Continuar leyendo<span class=\"screen-reader-text\"> \u00abFechas de inter\u00e9s\u00bb<\/span><\/a><\/p>\n","protected":false},"author":4,"featured_media":0,"parent":31,"menu_order":2,"comment_status":"closed","ping_status":"closed","template":"","meta":{"footnotes":""},"_links":{"self":[{"href":"http:\/\/www.virtualusatic.org\/index.php?rest_route=\/wp\/v2\/pages\/32"}],"collection":[{"href":"http:\/\/www.virtualusatic.org\/index.php?rest_route=\/wp\/v2\/pages"}],"about":[{"href":"http:\/\/www.virtualusatic.org\/index.php?rest_route=\/wp\/v2\/types\/page"}],"author":[{"embeddable":true,"href":"http:\/\/www.virtualusatic.org\/index.php?rest_route=\/wp\/v2\/users\/4"}],"replies":[{"embeddable":true,"href":"http:\/\/www.virtualusatic.org\/index.php?rest_route=%2Fwp%2Fv2%2Fcomments&post=32"}],"version-history":[{"count":128,"href":"http:\/\/www.virtualusatic.org\/index.php?rest_route=\/wp\/v2\/pages\/32\/revisions"}],"predecessor-version":[{"id":7115,"href":"http:\/\/www.virtualusatic.org\/index.php?rest_route=\/wp\/v2\/pages\/32\/revisions\/7115"}],"up":[{"embeddable":true,"href":"http:\/\/www.virtualusatic.org\/index.php?rest_route=\/wp\/v2\/pages\/31"}],"wp:attachment":[{"href":"http:\/\/www.virtualusatic.org\/index.php?rest_route=%2Fwp%2Fv2%2Fmedia&parent=32"}],"curies":[{"name":"wp","href":"https:\/\/api.w.org\/{rel}","templated":true}]}}