{"id":4584,"date":"2019-03-18T08:31:58","date_gmt":"2019-03-18T08:31:58","guid":{"rendered":"http:\/\/www.virtualusatic.org\/?page_id=4584"},"modified":"2019-03-18T08:31:59","modified_gmt":"2019-03-18T08:31:59","slug":"ediciones-anteriores-2014","status":"publish","type":"page","link":"http:\/\/www.virtualusatic.org\/?page_id=4584","title":{"rendered":"Ediciones anteriores &#8211; 2014"},"content":{"rendered":"<h1><span style=\"color: #ff0000;\">Acceso a la informaci\u00f3n del a\u00f1o 2014<\/span><\/h1>\n<ul class=\"list-group\">\n<li class=\"list-group-item\"><a title=\"Actas 2014\" href=\"http:\/\/www.virtualusatic.org\/?page_id=1742\">Actas<\/a><\/li>\n<li class=\"list-group-item\"><a title=\"Webconferencias 2014\" href=\"http:\/\/www.virtualusatic.org\/?p=2013\">Webconferencias<\/a><\/li>\n<li class=\"list-group-item\"><a title=\"Comunicaciones 2014\" href=\"http:\/\/www.virtualusatic.org\/?page_id=1865\">Comunicaciones<\/a><\/li>\n<li class=\"list-group-item\"><a title=\"P\u00f3steres 2014\" href=\"http:\/\/www.virtualusatic.org\/?page_id=1867\">P\u00f3steres<\/a><\/li>\n<\/ul>\n","protected":false},"excerpt":{"rendered":"<p>Acceso a la informaci\u00f3n del a\u00f1o 2014 Actas Webconferencias Comunicaciones P\u00f3steres<\/p>\n","protected":false},"author":3,"featured_media":0,"parent":0,"menu_order":0,"comment_status":"closed","ping_status":"open","template":"","meta":{"footnotes":""},"_links":{"self":[{"href":"http:\/\/www.virtualusatic.org\/index.php?rest_route=\/wp\/v2\/pages\/4584"}],"collection":[{"href":"http:\/\/www.virtualusatic.org\/index.php?rest_route=\/wp\/v2\/pages"}],"about":[{"href":"http:\/\/www.virtualusatic.org\/index.php?rest_route=\/wp\/v2\/types\/page"}],"author":[{"embeddable":true,"href":"http:\/\/www.virtualusatic.org\/index.php?rest_route=\/wp\/v2\/users\/3"}],"replies":[{"embeddable":true,"href":"http:\/\/www.virtualusatic.org\/index.php?rest_route=%2Fwp%2Fv2%2Fcomments&post=4584"}],"version-history":[{"count":1,"href":"http:\/\/www.virtualusatic.org\/index.php?rest_route=\/wp\/v2\/pages\/4584\/revisions"}],"predecessor-version":[{"id":4585,"href":"http:\/\/www.virtualusatic.org\/index.php?rest_route=\/wp\/v2\/pages\/4584\/revisions\/4585"}],"wp:attachment":[{"href":"http:\/\/www.virtualusatic.org\/index.php?rest_route=%2Fwp%2Fv2%2Fmedia&parent=4584"}],"curies":[{"name":"wp","href":"https:\/\/api.w.org\/{rel}","templated":true}]}}