{"id":4586,"date":"2019-03-18T08:36:33","date_gmt":"2019-03-18T08:36:33","guid":{"rendered":"http:\/\/www.virtualusatic.org\/?page_id=4586"},"modified":"2019-03-18T08:36:33","modified_gmt":"2019-03-18T08:36:33","slug":"ediciones-anteriores-2015","status":"publish","type":"page","link":"http:\/\/www.virtualusatic.org\/?page_id=4586","title":{"rendered":"Ediciones anteriores &#8211; 2015"},"content":{"rendered":"<h1><span style=\"color: #ff0000;\">Acceso a la informaci\u00f3n del a\u00f1o 2015<\/span><\/h1>\n<ul class=\"list-group\">\n<li class=\"list-group-item\"><a title=\"Libro\" href=\"http:\/\/www.virtualusatic.org\/?page_id=2788\">Libro<\/a><\/li>\n<li class=\"list-group-item\"><a title=\"Actas 2015\" href=\"http:\/\/www.virtualusatic.org\/?p=2586\">Actas<\/a><\/li>\n<li class=\"list-group-item\"><a title=\"Webconferencias 2015\" href=\"http:\/\/www.virtualusatic.org\/?p=2416\">Webconferencias<\/a><\/li>\n<li class=\"list-group-item\"><a title=\"Comunicaciones 2015\" href=\"http:\/\/www.virtualusatic.org\/?page_id=2557\">Comunicaciones<\/a><\/li>\n<li class=\"list-group-item\"><a title=\"P\u00f3steres 2015\" href=\"http:\/\/www.virtualusatic.org\/?page_id=2576\">P\u00f3steres<\/a><\/li>\n<\/ul>\n","protected":false},"excerpt":{"rendered":"<p>Acceso a la informaci\u00f3n del a\u00f1o 2015 Libro Actas Webconferencias Comunicaciones P\u00f3steres<\/p>\n","protected":false},"author":3,"featured_media":0,"parent":0,"menu_order":0,"comment_status":"closed","ping_status":"open","template":"","meta":{"footnotes":""},"_links":{"self":[{"href":"http:\/\/www.virtualusatic.org\/index.php?rest_route=\/wp\/v2\/pages\/4586"}],"collection":[{"href":"http:\/\/www.virtualusatic.org\/index.php?rest_route=\/wp\/v2\/pages"}],"about":[{"href":"http:\/\/www.virtualusatic.org\/index.php?rest_route=\/wp\/v2\/types\/page"}],"author":[{"embeddable":true,"href":"http:\/\/www.virtualusatic.org\/index.php?rest_route=\/wp\/v2\/users\/3"}],"replies":[{"embeddable":true,"href":"http:\/\/www.virtualusatic.org\/index.php?rest_route=%2Fwp%2Fv2%2Fcomments&post=4586"}],"version-history":[{"count":1,"href":"http:\/\/www.virtualusatic.org\/index.php?rest_route=\/wp\/v2\/pages\/4586\/revisions"}],"predecessor-version":[{"id":4587,"href":"http:\/\/www.virtualusatic.org\/index.php?rest_route=\/wp\/v2\/pages\/4586\/revisions\/4587"}],"wp:attachment":[{"href":"http:\/\/www.virtualusatic.org\/index.php?rest_route=%2Fwp%2Fv2%2Fmedia&parent=4586"}],"curies":[{"name":"wp","href":"https:\/\/api.w.org\/{rel}","templated":true}]}}