{"id":4990,"date":"2020-02-28T12:50:05","date_gmt":"2020-02-28T12:50:05","guid":{"rendered":"http:\/\/www.virtualusatic.org\/?page_id=4990"},"modified":"2020-02-28T12:50:05","modified_gmt":"2020-02-28T12:50:05","slug":"webconferencias-2019","status":"publish","type":"page","link":"http:\/\/www.virtualusatic.org\/?page_id=4990","title":{"rendered":"Webconferencias 2019"},"content":{"rendered":"<p><strong><a href=\"http:\/\/webinars.eules.org\/salan-presentacion\/\" target=\"_blank\" rel=\"noopener noreferrer\">El ingenio (in)visible<\/a> (4 de septiembre de 2019)<\/strong><br \/>\npor<strong> <strong>N\u00faria Sal\u00e1n<\/strong><\/strong>, profesora de Metalurgia, subdirectora de la ESEIAAT-UPC y desde 2016 Presidenta de la Societat Catalana de Tecnologia. Espa\u00f1a.<\/p>\n<p><strong><a href=\"http:\/\/webinars.eules.org\/beatriz-robles-presentacion\/\" target=\"_blank\" rel=\"noopener noreferrer\">Desinformaci\u00f3n: la manipulaci\u00f3n de tus emociones. (Estrategias para desmontarla)<\/a> (5 de septiembre de 2019)<\/strong><br \/>\npor <strong>Beatriz Robles Mart\u00ednez<\/strong>, Tecn\u00f3loga de Alimentos, Consultora de seguridad alimentaria y divulgadora cient\u00edfica.<\/p>\n<p><strong><a href=\"http:\/\/webinars.eules.org\/fernando-salamero-presentacion\/\" target=\"_blank\" rel=\"noopener noreferrer\">Ciencia que la tiza no propone<\/a> (6 de septiembre de 2019)<\/strong><br \/>\npor <strong>Fernando Salamero<\/strong>, F\u00edsico, Jefe de estudios en el Instituto de Ense\u00f1anza Secundaria (IES) Pir\u00e1mide de Huesca, Espa\u00f1a.<\/p>\n","protected":false},"excerpt":{"rendered":"<p>El ingenio (in)visible (4 de septiembre de 2019) por N\u00faria Sal\u00e1n, profesora de Metalurgia, subdirectora de la ESEIAAT-UPC y desde 2016 Presidenta de la Societat Catalana de Tecnologia. Espa\u00f1a. Desinformaci\u00f3n: la manipulaci\u00f3n de tus emociones. (Estrategias para desmontarla) (5 de septiembre de 2019) por Beatriz Robles Mart\u00ednez, Tecn\u00f3loga de Alimentos, Consultora de seguridad alimentaria y &hellip; <\/p>\n<p class=\"link-more\"><a href=\"http:\/\/www.virtualusatic.org\/?page_id=4990\" class=\"more-link\">Continuar leyendo<span class=\"screen-reader-text\"> \u00abWebconferencias 2019\u00bb<\/span><\/a><\/p>\n","protected":false},"author":3,"featured_media":0,"parent":0,"menu_order":0,"comment_status":"closed","ping_status":"closed","template":"","meta":{"footnotes":""},"_links":{"self":[{"href":"http:\/\/www.virtualusatic.org\/index.php?rest_route=\/wp\/v2\/pages\/4990"}],"collection":[{"href":"http:\/\/www.virtualusatic.org\/index.php?rest_route=\/wp\/v2\/pages"}],"about":[{"href":"http:\/\/www.virtualusatic.org\/index.php?rest_route=\/wp\/v2\/types\/page"}],"author":[{"embeddable":true,"href":"http:\/\/www.virtualusatic.org\/index.php?rest_route=\/wp\/v2\/users\/3"}],"replies":[{"embeddable":true,"href":"http:\/\/www.virtualusatic.org\/index.php?rest_route=%2Fwp%2Fv2%2Fcomments&post=4990"}],"version-history":[{"count":1,"href":"http:\/\/www.virtualusatic.org\/index.php?rest_route=\/wp\/v2\/pages\/4990\/revisions"}],"predecessor-version":[{"id":4991,"href":"http:\/\/www.virtualusatic.org\/index.php?rest_route=\/wp\/v2\/pages\/4990\/revisions\/4991"}],"wp:attachment":[{"href":"http:\/\/www.virtualusatic.org\/index.php?rest_route=%2Fwp%2Fv2%2Fmedia&parent=4990"}],"curies":[{"name":"wp","href":"https:\/\/api.w.org\/{rel}","templated":true}]}}