{"id":5608,"date":"2021-03-21T11:29:17","date_gmt":"2021-03-21T11:29:17","guid":{"rendered":"http:\/\/www.virtualusatic.org\/?page_id=5608"},"modified":"2021-03-21T11:29:27","modified_gmt":"2021-03-21T11:29:27","slug":"webconferencias-2020","status":"publish","type":"page","link":"http:\/\/www.virtualusatic.org\/?page_id=5608","title":{"rendered":"Webconferencias 2020"},"content":{"rendered":"<p><strong><a href=\"http:\/\/webinars.eules.org\/corell-presentacion\/\" target=\"_blank\" rel=\"noopener noreferrer\">Los estudiantes: protagonistas del aprendizaje universitario<\/a> (8 de julio de 2020)<\/strong><br \/>\npor<strong> <strong>Alfredo Corell Almuzara<\/strong><\/strong>, Director de \u00c1rea de Formaci\u00f3n e Innovaci\u00f3n Docente del centro VirtUVa de la Universidad de Valladolid, Espa\u00f1a.<\/p>\n<p><strong><a href=\"http:\/\/webinars.eules.org\/marisol-cipagauta2-presentacion\/\" target=\"_blank\" rel=\"noopener noreferrer\">La formaci\u00f3n permanente de los docentes, un compromiso ineludible para las instituciones educativas<\/a> (9 de julio de 2020)<\/strong><br \/>\npor <strong>Marisol Esperanza Cipagauta Moyano<\/strong>, Directora del Centro de Excelencia Docente aeiou de UNIMINUTO, Colombia.<\/p>\n<p><strong><a href=\"http:\/\/webinars.eules.org\/sergio-banderas-presentacion\/\" target=\"_blank\" rel=\"noopener noreferrer\">Creaci\u00f3n de videojuegos como herramienta de aprendizaje en la educaci\u00f3n<\/a> (10 de julio de 2020)<\/strong><br \/>\npor <strong>Sergio Banderas Moreno<\/strong>, Profesor (Programaci\u00f3n de Videojuegos e Ingl\u00e9s) de Formaci\u00f3n Profesional en el IES Campanillas de M\u00e1laga, Espa\u00f1a.<\/p>\n","protected":false},"excerpt":{"rendered":"<p>Los estudiantes: protagonistas del aprendizaje universitario (8 de julio de 2020) por Alfredo Corell Almuzara, Director de \u00c1rea de Formaci\u00f3n e Innovaci\u00f3n Docente del centro VirtUVa de la Universidad de Valladolid, Espa\u00f1a. La formaci\u00f3n permanente de los docentes, un compromiso ineludible para las instituciones educativas (9 de julio de 2020) por Marisol Esperanza Cipagauta Moyano, &hellip; <\/p>\n<p class=\"link-more\"><a href=\"http:\/\/www.virtualusatic.org\/?page_id=5608\" class=\"more-link\">Continuar leyendo<span class=\"screen-reader-text\"> \u00abWebconferencias 2020\u00bb<\/span><\/a><\/p>\n","protected":false},"author":3,"featured_media":0,"parent":0,"menu_order":0,"comment_status":"closed","ping_status":"closed","template":"","meta":{"footnotes":""},"_links":{"self":[{"href":"http:\/\/www.virtualusatic.org\/index.php?rest_route=\/wp\/v2\/pages\/5608"}],"collection":[{"href":"http:\/\/www.virtualusatic.org\/index.php?rest_route=\/wp\/v2\/pages"}],"about":[{"href":"http:\/\/www.virtualusatic.org\/index.php?rest_route=\/wp\/v2\/types\/page"}],"author":[{"embeddable":true,"href":"http:\/\/www.virtualusatic.org\/index.php?rest_route=\/wp\/v2\/users\/3"}],"replies":[{"embeddable":true,"href":"http:\/\/www.virtualusatic.org\/index.php?rest_route=%2Fwp%2Fv2%2Fcomments&post=5608"}],"version-history":[{"count":2,"href":"http:\/\/www.virtualusatic.org\/index.php?rest_route=\/wp\/v2\/pages\/5608\/revisions"}],"predecessor-version":[{"id":5619,"href":"http:\/\/www.virtualusatic.org\/index.php?rest_route=\/wp\/v2\/pages\/5608\/revisions\/5619"}],"wp:attachment":[{"href":"http:\/\/www.virtualusatic.org\/index.php?rest_route=%2Fwp%2Fv2%2Fmedia&parent=5608"}],"curies":[{"name":"wp","href":"https:\/\/api.w.org\/{rel}","templated":true}]}}