{"id":144,"date":"2013-04-21T20:31:00","date_gmt":"2013-04-21T20:31:00","guid":{"rendered":"http:\/\/www.virtualusatic.org\/?page_id=144"},"modified":"2026-04-20T16:19:46","modified_gmt":"2026-04-20T16:19:46","slug":"formato-y-envio-de-contribuciones","status":"publish","type":"page","link":"https:\/\/www.virtualusatic.org\/?page_id=144","title":{"rendered":"Res\u00famenes y Comunicaciones"},"content":{"rendered":"<p style=\"text-align: center;\"><strong style=\"color: #800000;\"><span style=\"background-color: #ffff00;\">29 de abril PLAZO AMPLIADO PARA ENV\u00cdO DE RES\u00daMENES<\/span><\/strong><\/p>\n<p><!--\n\n<h3 style=\"text-align: center;\"><strong><span style=\"background-color: #ffff00;\"><a href=\"https:\/\/docs.google.com\/spreadsheets\/d\/e\/2PACX-1vTl6GyVIFxWV2doYLJxUHLLAeWei7qqRfmwbzUk7sMUKHj9fl59bwLkJbsU4D7GovhfBXsWqVAg0NPP\/pubhtml?gid=255554097&amp;single=true\" target=\"_blank\" rel=\"noopener\">Acceso al listado de aceptaci\u00f3n de comunicaciones<\/a><\/span><\/strong><\/h3>\n\n--><\/p>\n<p><span style=\"color: #800000;\"><b>OBSERVACIONES GENERALES<\/b><\/span><\/p>\n<ul>\n<li style=\"list-style-type: none;\">\n<ul>\n<li><strong>Antes del 19 de abril<\/strong>, <strong style=\"color: #800000;\"><span style=\"background-color: #ffff00;\">29 de abril PLAZO AMPLIADO PARA ENV\u00cdO DE RES\u00daMENES<\/span><\/strong>, es necesario enviar un resumen de cada comunicaci\u00f3n que se someter\u00e1 a revisi\u00f3n para su aceptaci\u00f3n, indicando el <a href=\"http:\/\/www.virtualusatic.org\/?page_id=27\" target=\"_blank\" rel=\"noopener noreferrer\">\u00e1rea tem\u00e1tica<\/a> en la que se desea incluir.<\/li>\n<li>Independientemente del n\u00famero de autores de la comunicaci\u00f3n, <strong>solo es necesario que el resumen se env\u00ede una vez<\/strong> por parte de uno de ellos.<\/li>\n<li>Una persona puede aparecer como autor en <strong>varias comunicaciones<\/strong> pero, al ser la inscripci\u00f3n y certificaci\u00f3n individual, solo podr\u00e1 recibir <strong>un m\u00e1ximo de dos certificados de comunicaci\u00f3n<\/strong>. Si alg\u00fan autor participa en m\u00e1s de dos comunicaciones aceptadas, la organizaci\u00f3n se pondr\u00e1 en contacto con \u00e9l al finalizar el congreso para que decida sobre cu\u00e1les de ellas desea recibir certificaci\u00f3n.<\/li>\n<li><strong>Hasta el 1 de mayo, <\/strong>una vez revisados por el Comit\u00e9 Cient\u00edfico los res\u00famenes recibidos, se notificar\u00e1 al autor de contacto sobre la resoluci\u00f3n de aceptaci\u00f3n del trabajo y el \u00e1rea tem\u00e1tica finalmente asignada, o la no aceptaci\u00f3n y su causa. As\u00ed mismo, en el caso de aceptaci\u00f3n favorable, se indicar\u00e1 el procedimiento que ha de seguir para el env\u00edo de la comunicaci\u00f3n completa.<\/li>\n<\/ul>\n<\/li>\n<\/ul>\n<p>Por favor, para la realizaci\u00f3n de trabajos, tanto res\u00famenes como comunicaciones completas, siga las normas que aparecen a continuaci\u00f3n.<\/p>\n<p><span style=\"color: #800000;\"><b>NORMAS PARA LA REALIZACI\u00d3N DE RES\u00daMENES<\/b><\/span><\/p>\n<p><strong>MUY IMPORTANTE:<\/strong> \u00a0En la publicaci\u00f3n de las ACTAS DIGITALES con ISBN solo aparecer\u00e1n los res\u00famenes de las comunicaciones, por lo que el resumen que env\u00ede debe reflejar con suficiente claridad el contenido del trabajo presentado. Preste especial cuidado y atenci\u00f3n en la ortograf\u00eda y redacci\u00f3n de todos los datos que incluya. Indique nombre y apellidos completos en el formato que desee que aparezcan en las actas. En ning\u00fan caso use el formato de todo en may\u00fasculas.<\/p>\n<ul>\n<li style=\"list-style-type: none;\">\n<ul>\n<li>Los res\u00famenes se enviar\u00e1n exclusivamente a trav\u00e9s del formulario que aparece m\u00e1s abajo en esta misma\u00a0p\u00e1gina.<\/li>\n<li>En el formulario se indicar\u00e1n los siguientes datos:\n<ul>\n<li>T\u00edtulo del trabajo.<\/li>\n<li>Nombre y apellidos del autor o autores, indicando el orden de autor\u00eda con el que aparecer\u00e1n en el trabajo. El orden que se indique aqu\u00ed ser\u00e1 el que aparecer\u00e1 en las ACTAS.<\/li>\n<li>Instituci\u00f3n o empresa a la que pertenecen.<\/li>\n<li>Pa\u00eds.<\/li>\n<li>e-mail del autor o autores.<\/li>\n<\/ul>\n<\/li>\n<li>En el formulario se incluir\u00e1 el resumen exclusivamente en formato <strong>TEXTO<\/strong>.<\/li>\n<li>Su extensi\u00f3n debe debe estar entre <strong>1.000 caracteres<\/strong> como m\u00ednimo y <strong>2.000 caracteres<\/strong> como m\u00e1ximo.<\/li>\n<li>El<strong> autor que aparezca como primer firmante en el resumen<\/strong>\u00a0se considerar\u00e1 exclusivamente a efectos organizativos\u00a0<strong>persona de contacto<\/strong> para toda la correspondencia por e-mail posterior.<\/li>\n<\/ul>\n<\/li>\n<\/ul>\n<p><span style=\"color: #800000;\"><b>ENV\u00cdO DE RES\u00daMENES<\/b><\/span><\/p>\n<p>El formulario para el env\u00edo de res\u00famenes est\u00e1 disponible <strong>desde el 16 de febrero hasta el 19 de abril<\/strong>, <strong style=\"color: #800000;\"><span style=\"background-color: #ffff00;\">29 de abril PLAZO AMPLIADO PARA ENV\u00cdO DE RES\u00daMENES<\/span><\/strong>. Por favor, no demore el env\u00edo de su resumen para facilitar y agilizar el proceso de revisi\u00f3n y aceptaci\u00f3n. Consulte las fechas importantes sobre aceptaci\u00f3n y env\u00edo de trabajos completos <a href=\"http:\/\/www.virtualusatic.org\/?page_id=32\" target=\"_blank\" rel=\"noopener noreferrer\">aqu\u00ed<\/a>.<\/p>\n<p style=\"text-align: center;\"><strong><a href=\"https:\/\/forms.gle\/PddZ7mkDvUDDUdBu5\" target=\"_blank\" rel=\"noopener noreferrer\"><input style=\"background-color: #008000; color: #ffffff;\" name=\"button\" type=\"submit\" value=\"FORMULARIO DE ENV\u00cdO DE RES\u00daMENES\" \/><\/a><\/strong><\/p>\n<p><!--\n\n\n\n\n\n\n\n\n\n\n\n\n<p style=\"text-align: center;\"><strong><input style=\"background-color: #008000; color: #ffffff;\" name=\"button\" type=\"submit\" value=\"FORMULARIO DE ENV\u00cdO DE RES\u00daMENES\" \/><\/strong><\/p>\n\n\n\n\n\n\n\n\n\n\n\n\n\n\n\n\n\n\n\n\n\n\n\n\n<p style=\"text-align: center;\"><span style=\"color: #800000;\"><b>\u00a0<\/b><\/span><strong style=\"color: #800000;\"><span style=\"background-color: #ffff00;\">El formulario para el env\u00edo de res\u00famenes est\u00e1 cerrado.<\/span><\/strong><\/p>\n\n\n\n\n\n\n\n\n\n\n\n\n--><\/p>\n<p><a name=\"normas\"><\/a><br \/><span style=\"color: #800000;\"><b>NORMAS PARA LA REALIZACI\u00d3N DE COMUNICACIONES<\/b><\/span><\/p>\n<p>Las comunicaciones deben realizarse <strong>en formato video, con una duraci\u00f3n m\u00e1xima recomendada de<\/strong>\u00a0<strong>5 minutos<\/strong>.<\/p>\n<p>Todos los v\u00eddeos deben incluir al inicio (como texto o de forma oral) la siguiente informaci\u00f3n:<\/p>\n<ul>\n<li style=\"list-style-type: none;\">\n<ul>\n<li>T\u00edtulo de la comunicaci\u00f3n.<\/li>\n<li>Nombre y apellidos del autor o autores.<\/li>\n<li>Instituci\u00f3n o empresa a la que pertenecen (si es el caso) y pa\u00eds.<\/li>\n<\/ul>\n<\/li>\n<\/ul>\n<p>Todas las comunicaciones se publicar\u00e1n en el canal YouTube del Congreso y estar\u00e1n disponibles online para los participantes antes de que comience el evento, con un espacio de interacci\u00f3n asociado para fomentar la participaci\u00f3n.<\/p>\n<p>Se prefiere un formato MPEG-4 (mp4). Tambi\u00e9n se podr\u00e1n utilizar los formatos admitidos por YouTube (<a href=\"https:\/\/support.google.com\/youtube\/troubleshooter\/2888402?hl=es\" target=\"_blank\" rel=\"noopener noreferrer\">consulta aqu\u00ed<\/a>).<\/p>\n<p>Se<strong> programar\u00e1 un\u00a0d\u00eda y franja horaria<\/strong> en la que el autor o autores se comprometen a responder de forma s\u00edncrona las interacciones, comentarios, preguntas, etc., que reciban sobre su comunicaci\u00f3n. Por favor, consulte el apartado <a href=\"http:\/\/www.virtualusatic.org\/?page_id=2845\" target=\"_blank\" rel=\"noopener noreferrer\"><strong>\u00abDin\u00e1mica de participaci\u00f3n\u00bb<\/strong><\/a><\/p>\n<p><span style=\"color: #800000;\"><b>AYUDAS PARA LA REALIZACI\u00d3N DE V\u00cdDEOS<\/b><\/span><\/p>\n<p>Para grabar y\/o editar el v\u00eddeo se puede utilizar el programa que se desee, pero el v\u00eddeo final enviado debe estar en uno de los formatos admitidos indicados en el punto anterior.<\/p>\n<p>Algunas posibilidades f\u00e1ciles para grabar v\u00eddeos:<\/p>\n<ul>\n<li style=\"list-style-type: none;\">\n<ul>\n<li>Grabaci\u00f3n sencilla a partir de una presentaci\u00f3n de PowerPoint. Grabar la presentaci\u00f3n con narraci\u00f3n e intervalos de diapositivas (<a href=\"https:\/\/support.office.com\/es-es\/article\/grabar-una-presentaci%C3%B3n-con-diapositivas-con-narraci%C3%B3n-e-intervalos-de-diapositivas-0b9502c6-5f6c-40ae-b1e7-e47d8741161c#OfficeVersion=Windows\" target=\"_blank\" rel=\"noopener noreferrer\">tutorial aqu\u00ed<\/a>). Guardar la presentaci\u00f3n con la opci\u00f3n \u00abGuardar como\u00bb seleccionando el formato o tipo \u00abVideo MPEG-4 (*.mp4)<\/li>\n<li>Utilizar aplicaciones gratuitas que permiten grabar v\u00eddeos cortos y editarlos. Por ejemplo <a href=\"https:\/\/screenpal.com\/\" target=\"_blank\" rel=\"noopener noreferrer\">ScreenPal (m\u00e1s info aqu\u00ed)<\/a>. Tutorial breve <a href=\"https:\/\/youtu.be\/WAWoUu98CUY\" target=\"_blank\" rel=\"noopener noreferrer\">disponible aqu\u00ed<\/a><\/li>\n<\/ul>\n<\/li>\n<\/ul>\n<p><span style=\"color: #800000;\"><b>ENV\u00cdO DE COMUNICACIONES<\/b><\/span><\/p>\n<p>Las comunicaciones en formato v\u00eddeo deber\u00e1n enviarse <strong>una vez que la organizaci\u00f3n haya confirmado por e-mail la aceptaci\u00f3n del resumen<\/strong> al autor de contacto. En ese mismo e-mail se comunicar\u00e1n las oportunas <span style=\"color: #800000;\"><strong>instrucciones para el env\u00edo<\/strong><\/span>, que se deber\u00e1 realizar <strong>hasta el 8 de mayo de 2026<\/strong>. <strong>Por favor, no env\u00ede los v\u00eddeos por otros cauces.<\/strong><\/p>\n<p><!--env\u00ede a la direcci\u00f3n de correo <strong>info (arroba ) virtualusatic.org<\/strong> su contribuci\u00f3n completa al Congreso (comunicaci\u00f3n o p\u00f3ster) teniendo en cuenta que el nombre de dicho documento debe seguir el formato <strong>IDXX_Apellido1_Nombre<\/strong>, donde XX debe ser el n\u00famero que se le ha asignado a su contribuci\u00f3n en el listado de aceptaciones (primera columna) que se comunic\u00f3 a los autores por e-mail tras la aceptaci\u00f3n de trabajos; y Apellido1 y Nombre deben corresponder al autor de contacto de la contribuci\u00f3n. Por ejemplo, ID1_Alejandre_Jose.\n\nSi su contribuci\u00f3n en formato video est\u00e1 alojada en otra plataforma en Internet (por ejemplo YouTube), es suficiente que env\u00ede la URL de acceso.\n\nPor favor p\u00f3ngase en contacto con la organizaci\u00f3n en caso de que el archivo que deba enviar tenga un tama\u00f1o excesivo para adjuntarlo, o le surja cualquier otro problema.\n\nPara su elaboraci\u00f3n tenga en cuenta las normas indicadas en esta p\u00e1gina.\n\n--><\/p>\n\n\n<p><\/p>\n","protected":false},"excerpt":{"rendered":"<p>29 de abril PLAZO AMPLIADO PARA ENV\u00cdO DE RES\u00daMENES OBSERVACIONES GENERALES Antes del 19 de abril, 29 de abril PLAZO AMPLIADO PARA ENV\u00cdO DE RES\u00daMENES, es necesario enviar un resumen de cada comunicaci\u00f3n que se someter\u00e1 a revisi\u00f3n para su aceptaci\u00f3n, indicando el \u00e1rea tem\u00e1tica en la que se desea incluir. Independientemente del n\u00famero de &hellip; <\/p>\n<p class=\"link-more\"><a href=\"https:\/\/www.virtualusatic.org\/?page_id=144\" class=\"more-link\">Continuar leyendo<span class=\"screen-reader-text\"> \u00abRes\u00famenes y Comunicaciones\u00bb<\/span><\/a><\/p>\n","protected":false},"author":2,"featured_media":0,"parent":29,"menu_order":2,"comment_status":"closed","ping_status":"closed","template":"","meta":{"footnotes":""},"_links":{"self":[{"href":"https:\/\/www.virtualusatic.org\/index.php?rest_route=\/wp\/v2\/pages\/144"}],"collection":[{"href":"https:\/\/www.virtualusatic.org\/index.php?rest_route=\/wp\/v2\/pages"}],"about":[{"href":"https:\/\/www.virtualusatic.org\/index.php?rest_route=\/wp\/v2\/types\/page"}],"author":[{"embeddable":true,"href":"https:\/\/www.virtualusatic.org\/index.php?rest_route=\/wp\/v2\/users\/2"}],"replies":[{"embeddable":true,"href":"https:\/\/www.virtualusatic.org\/index.php?rest_route=%2Fwp%2Fv2%2Fcomments&post=144"}],"version-history":[{"count":171,"href":"https:\/\/www.virtualusatic.org\/index.php?rest_route=\/wp\/v2\/pages\/144\/revisions"}],"predecessor-version":[{"id":7112,"href":"https:\/\/www.virtualusatic.org\/index.php?rest_route=\/wp\/v2\/pages\/144\/revisions\/7112"}],"up":[{"embeddable":true,"href":"https:\/\/www.virtualusatic.org\/index.php?rest_route=\/wp\/v2\/pages\/29"}],"wp:attachment":[{"href":"https:\/\/www.virtualusatic.org\/index.php?rest_route=%2Fwp%2Fv2%2Fmedia&parent=144"}],"curies":[{"name":"wp","href":"https:\/\/api.w.org\/{rel}","templated":true}]}}