{"id":26,"date":"2013-04-18T09:22:03","date_gmt":"2013-04-18T09:22:03","guid":{"rendered":"http:\/\/www.virtualusatic.org\/?page_id=26"},"modified":"2026-04-20T16:21:06","modified_gmt":"2026-04-20T16:21:06","slug":"presentacion","status":"publish","type":"page","link":"https:\/\/www.virtualusatic.org\/?page_id=26","title":{"rendered":"Presentaci\u00f3n"},"content":{"rendered":"<p style=\"padding-left: 40px;\"><a href=\"http:\/\/www.virtualusatic.org\/wp-content\/uploads\/2013\/04\/logoUsatic_cuadradoXL.jpg\"><img loading=\"lazy\" decoding=\"async\" class=\"alignleft wp-image-1643\" src=\"http:\/\/www.virtualusatic.org\/wp-content\/uploads\/2013\/04\/logoUsatic_cuadradoXL-300x269.jpg\" alt=\"logoUsatic_cuadradoXL\" width=\"180\" height=\"161\" srcset=\"https:\/\/www.virtualusatic.org\/wp-content\/uploads\/2013\/04\/logoUsatic_cuadradoXL-300x269.jpg 300w, https:\/\/www.virtualusatic.org\/wp-content\/uploads\/2013\/04\/logoUsatic_cuadradoXL.jpg 597w\" sizes=\"(max-width: 180px) 100vw, 180px\" \/><\/a>Por decimocuarto a\u00f1o consecutivo, <strong><span style=\"color: #800000;\">con la experiencia de las trece ediciones anteriores realizadas de forma totalmente virtual<\/span><\/strong>, os damos la bienvenida al sitio <b>Virtual USATIC 2026, Ubicuo y Social: Aprendizaje con TIC.<\/b><\/p>\n<p>En la pasada edici\u00f3n de 2025 contamos con casi<span style=\"color: #800000;\"><strong> 250 autores de 10 pa\u00edses distintos<\/strong> <\/span>que compartieron<span style=\"color: #800000;\"><strong> 68 contribuciones,<\/strong><\/span>\u00a0nuestro objetivo en esta edici\u00f3n es que esta comunidad crezca todav\u00eda m\u00e1s.<\/p>\n<p>Deseamos que este Congreso Virtual proporcione un entorno de trabajo para compartir informaci\u00f3n, ideas, conocimiento, resultados de investigaci\u00f3n y experiencias docentes a <b>toda la comunidad implicada e interesada en los procesos de aprendizaje apoyados en tecnolog\u00edas<\/b>. Queremos llegar a docentes y todos aquellos profesionales del \u00e1mbito de la educaci\u00f3n, especialmente <b>de habla hispana<\/b>, para fomentar y reforzar v\u00ednculos para la mejora de la calidad de la docencia, haciendo un uso extensivo de las TIC.<\/p>\n<p>El car\u00e1cter <strong>totalmente virtual<\/strong> del evento proporciona un excepcional canal de participaci\u00f3n para toda la comunidad, permitiendo el intercambio de los resultados <b>de investigaci\u00f3n e innovaci\u00f3n educativa<\/b> al tiempo que se ofrece la posibilidad de formaci\u00f3n en tem\u00e1ticas estrat\u00e9gicas de desarrollo profesional, tal y como nosotros entendemos ya el aprendizaje actualmente: ubicuo y social.<\/p>\n<p>El pago de la <strong>tasa de inscripci\u00f3n<\/strong> en el congreso da derecho a<strong> la certificaci\u00f3n por asistencia, a la presentaci\u00f3n y certificaci\u00f3n de hasta dos comunicaciones<\/strong> <strong>y al acceso a un programa formativo con certificaci\u00f3n<\/strong>. El congreso se desarrollar\u00e1 completamente online y se estructura en torno a tres temas <strong>en relaci\u00f3n al Aprendizaje con TIC<\/strong>:<\/p>\n<ul>\n<li style=\"list-style-type: none;\">\n<ul>\n<li>Plataformas y entornos de aprendizaje<\/li>\n<li>Materiales y Recursos<\/li>\n<li>Herramientas 2.0 y\u00a0Redes Sociales<\/li>\n<\/ul>\n<\/li>\n<\/ul>\n<p>En relaci\u00f3n a cada uno de estos temas, entre los d\u00edas<b> 19 al 21 de mayo de 2026<\/b>, se celebrar\u00e1 una<strong> sesi\u00f3n plenaria en formato de webconferencia<\/strong> con un\u00a0conferenciante invitado y se podr\u00e1n presentar<strong> comunicaciones<\/strong>, todo ello acompa\u00f1ado de los correspondientes foros tem\u00e1ticos que facilitar\u00e1n la interacci\u00f3n entre los participantes.<\/p>\n<p>Adem\u00e1s, del <strong>19 de mayo al 2 de junio de 2026<\/strong><b>,<\/b> se podr\u00e1 acceder totalmente online al <a href=\"http:\/\/www.virtualusatic.org\/?page_id=189\" target=\"_blank\" rel=\"noopener\">programa formativo<\/a>\u00a0que complementa al congreso.<\/p>\n<p>La Red EuLES de la Universidad de Zaragoza (Espa\u00f1a) est\u00e1 constituida como Red de innovaci\u00f3n educativa por la Universidad de Zaragoza desde 2010. Adem\u00e1s Virtual USATIC se realiza con el apoyo administrativo de la Fundaci\u00f3n Empresa-Universidad de Zaragoza.<\/p>\n<p>Una vez finalizado el evento se har\u00e1 una <b>publicaci\u00f3n de las\u00a0<a title=\"Actas\" href=\"http:\/\/www.virtualusatic.org\/?page_id=1568\" target=\"_blank\" rel=\"noopener noreferrer\">Actas en formato digital<\/a><\/b> <b>con ISBN,\u00a0<\/b>incluyendo los res\u00famenes de todas las comunicaciones presentadas, a la que podr\u00e1n acceder <strong>gratuitamente<\/strong> todos los participantes.<\/p>\n<p>Adem\u00e1s, de entre todas las comunicaciones presentadas al Congreso, el Comit\u00e9 Cient\u00edfico y Organizador <strong>seleccionar\u00e1 los mejores trabajos presentados<\/strong> para invitar a los autores a preparar, sin coste, un <a title=\"Actas y Publicaci\u00f3n\" href=\"http:\/\/www.virtualusatic.org\/?page_id=1568\" target=\"_blank\" rel=\"noopener noreferrer\"><strong>Cap\u00edtulo de libro<\/strong><\/a> que se publicar\u00e1 con acceso abierto desde la Universidad de Zaragoza. Para optar a participar en esta publicaci\u00f3n, todos los autores firmantes de la correspondiente comunicaci\u00f3n de la que derivar\u00e1 el cap\u00edtulo de este libro deber\u00e1n haber formalizado y abonado la cuota de inscripci\u00f3n en el congreso.<\/p>\n<p>Finalmente, os invitamos a todas y todos a participar activamente en el congreso y a que <b>envi\u00e9is los res\u00famenes correspondientes a vuestros trabajos<\/b> <b>antes del pr\u00f3ximo 19 de abril de 2026, <strong style=\"color: #800000;\"><span style=\"background-color: #ffff00;\">29 de abril PLAZO AMPLIADO PARA ENV\u00cdO DE RES\u00daMENES<\/span><\/strong>, as\u00ed como a realizar la inscripci\u00f3n del 6 de abril hasta el 10 de mayo de 2026 para poder beneficiaros del pago con tasa reducida.<\/b><\/p>\n<p>Pod\u00e9is consultar con detalle las tem\u00e1ticas, formas de participaci\u00f3n, inscripci\u00f3n, certificaci\u00f3n,\u00a0 etc. navegando a trav\u00e9s de los diferentes enlaces de los men\u00fas y seguir las novedades tambi\u00e9n mediante las redes sociales.<\/p>\n<p>Un cordial saludo y nos vemos en la Red.<\/p>\n<p>La organizaci\u00f3n de Virtual USATIC.<\/p>\n","protected":false},"excerpt":{"rendered":"<p>Por decimocuarto a\u00f1o consecutivo, con la experiencia de las trece ediciones anteriores realizadas de forma totalmente virtual, os damos la bienvenida al sitio Virtual USATIC 2026, Ubicuo y Social: Aprendizaje con TIC. En la pasada edici\u00f3n de 2025 contamos con casi 250 autores de 10 pa\u00edses distintos que compartieron 68 contribuciones,\u00a0nuestro objetivo en esta edici\u00f3n &hellip; <\/p>\n<p class=\"link-more\"><a href=\"https:\/\/www.virtualusatic.org\/?page_id=26\" class=\"more-link\">Continuar leyendo<span class=\"screen-reader-text\"> \u00abPresentaci\u00f3n\u00bb<\/span><\/a><\/p>\n","protected":false},"author":4,"featured_media":0,"parent":0,"menu_order":0,"comment_status":"closed","ping_status":"open","template":"","meta":{"footnotes":""},"_links":{"self":[{"href":"https:\/\/www.virtualusatic.org\/index.php?rest_route=\/wp\/v2\/pages\/26"}],"collection":[{"href":"https:\/\/www.virtualusatic.org\/index.php?rest_route=\/wp\/v2\/pages"}],"about":[{"href":"https:\/\/www.virtualusatic.org\/index.php?rest_route=\/wp\/v2\/types\/page"}],"author":[{"embeddable":true,"href":"https:\/\/www.virtualusatic.org\/index.php?rest_route=\/wp\/v2\/users\/4"}],"replies":[{"embeddable":true,"href":"https:\/\/www.virtualusatic.org\/index.php?rest_route=%2Fwp%2Fv2%2Fcomments&post=26"}],"version-history":[{"count":86,"href":"https:\/\/www.virtualusatic.org\/index.php?rest_route=\/wp\/v2\/pages\/26\/revisions"}],"predecessor-version":[{"id":7113,"href":"https:\/\/www.virtualusatic.org\/index.php?rest_route=\/wp\/v2\/pages\/26\/revisions\/7113"}],"wp:attachment":[{"href":"https:\/\/www.virtualusatic.org\/index.php?rest_route=%2Fwp%2Fv2%2Fmedia&parent=26"}],"curies":[{"name":"wp","href":"https:\/\/api.w.org\/{rel}","templated":true}]}}