{"id":27,"date":"2013-04-18T09:22:23","date_gmt":"2013-04-18T09:22:23","guid":{"rendered":"http:\/\/www.virtualusatic.org\/?page_id=27"},"modified":"2026-02-15T11:53:16","modified_gmt":"2026-02-15T11:53:16","slug":"areas-tematicas","status":"publish","type":"page","link":"https:\/\/www.virtualusatic.org\/?page_id=27","title":{"rendered":"\u00c1reas tem\u00e1ticas"},"content":{"rendered":"<h4 style=\"text-align: center;\">Deseamos que participes compartiendo tu conocimiento o experiencia en cualquier \u00e1mbito relacionado con el aprendizaje apoyado en tecnolog\u00edas.<\/h4>\n<p>El congreso tiene tres \u00e1reas tem\u00e1ticas, a las que dedicaremos cada uno de los d\u00edas del evento, en las que puedes ubicar tu comunicaci\u00f3n.<\/p>\n<p style=\"padding-left: 30px;\"><span style=\"color: #800000;\"><strong>Plataformas y Entornos de Aprendizaje<\/strong><\/span><\/p>\n<p style=\"padding-left: 60px;\">Dise\u00f1o, experiencias, tutor\u00edas, buenas pr\u00e1cticas\u2026 en el uso de portales, plataformas tecnol\u00f3gicas para cursos virtuales, TAC, tecnolog\u00edas emergentes y entornos de aprendizaje tipo Blackboard, Moodle, Sakai, Chamilo y otros LMS, PLE, MOOC, etc., as\u00ed como cursos en abierto OCW y software libre y diversas metodolog\u00edas de autoevaluaci\u00f3n, bLearning, etc.<\/p>\n<p style=\"padding-left: 30px;\"><strong><span style=\"color: #800000;\">Materiales y Recursos<\/span><\/strong><\/p>\n<p style=\"padding-left: 60px;\">Materiales docentes en cualquier formato digital tipo presentaciones, audiovisuales, animaciones, multimedia, video, cine, videojuegos, ebook, libros virtuales\u2026 Licencias de contenidos. Recursos para la docencia tipo pizarra digital interactiva, tableta digital, mandos de respuesta en el aula, simuladores, laboratorios virtuales, gamificaci\u00f3n, rob\u00f3tica, sistema de webconferencia, cloud computing, etc. Apoyo para implantar diversas metodolog\u00edas de trabajo colaborativo, flipped classroom, trabajo ubicuo, aprendizaje basado en problemas, estudios de caso, etc.<\/p>\n<p style=\"padding-left: 30px;\"><strong><span style=\"color: #800000;\">Herramientas 2.0,\u00a0 Redes Sociales y uLearning<\/span><\/strong><\/p>\n<p style=\"padding-left: 60px;\">Foros, blogs, Wikis, portafolios en l\u00ednea, WebQuest, mapas conceptuales, APP, herramientas para la generaci\u00f3n de materiales y colaboraci\u00f3n tipo herramientas Google Drive, Sites, SlideShare, Sway, etc. Marcadores sociales y sindicaci\u00f3n de contenidos, encuestas online, herramientas para la generaci\u00f3n de videotutoriales\u2026, y su aplicaci\u00f3n en diferentes metodolog\u00edas como por ejemplo flipped classroom, herramientas para la generaci\u00f3n de materiales a trav\u00e9s de una Inteligencia Artificial.<\/p>\n<p style=\"padding-left: 60px;\">X (anteriormente Twitter), Facebook, LinkedIn, YouTube, etc. Dispositivos m\u00f3viles (tabletas y Smartphone), APP, TV, Sistemas de comunicaci\u00f3n y conferencia web (Skype, Google Hangout, Webex, Adobe Connect, Blackboard Collaborate\u2026). Discos duros virtuales (Dropbox, Google Drive, Sugar Sync, SkyDrive, iCloud&#8230;) y otras aplicaciones como Socrative, Kahoot, etc.\u00a0\u00a0Tambi\u00e9n la tem\u00e1tica correspondiente a su aplicaci\u00f3n en comunidades de aprendizaje y otras metodolog\u00edas bLearning, mobile y uLearning en general.<\/p>\n","protected":false},"excerpt":{"rendered":"<p>Deseamos que participes compartiendo tu conocimiento o experiencia en cualquier \u00e1mbito relacionado con el aprendizaje apoyado en tecnolog\u00edas. El congreso tiene tres \u00e1reas tem\u00e1ticas, a las que dedicaremos cada uno de los d\u00edas del evento, en las que puedes ubicar tu comunicaci\u00f3n. Plataformas y Entornos de Aprendizaje Dise\u00f1o, experiencias, tutor\u00edas, buenas pr\u00e1cticas\u2026 en el uso &hellip; <\/p>\n<p class=\"link-more\"><a href=\"https:\/\/www.virtualusatic.org\/?page_id=27\" class=\"more-link\">Continuar leyendo<span class=\"screen-reader-text\"> \u00ab\u00c1reas tem\u00e1ticas\u00bb<\/span><\/a><\/p>\n","protected":false},"author":4,"featured_media":0,"parent":26,"menu_order":0,"comment_status":"closed","ping_status":"closed","template":"","meta":{"footnotes":""},"_links":{"self":[{"href":"https:\/\/www.virtualusatic.org\/index.php?rest_route=\/wp\/v2\/pages\/27"}],"collection":[{"href":"https:\/\/www.virtualusatic.org\/index.php?rest_route=\/wp\/v2\/pages"}],"about":[{"href":"https:\/\/www.virtualusatic.org\/index.php?rest_route=\/wp\/v2\/types\/page"}],"author":[{"embeddable":true,"href":"https:\/\/www.virtualusatic.org\/index.php?rest_route=\/wp\/v2\/users\/4"}],"replies":[{"embeddable":true,"href":"https:\/\/www.virtualusatic.org\/index.php?rest_route=%2Fwp%2Fv2%2Fcomments&post=27"}],"version-history":[{"count":24,"href":"https:\/\/www.virtualusatic.org\/index.php?rest_route=\/wp\/v2\/pages\/27\/revisions"}],"predecessor-version":[{"id":7037,"href":"https:\/\/www.virtualusatic.org\/index.php?rest_route=\/wp\/v2\/pages\/27\/revisions\/7037"}],"up":[{"embeddable":true,"href":"https:\/\/www.virtualusatic.org\/index.php?rest_route=\/wp\/v2\/pages\/26"}],"wp:attachment":[{"href":"https:\/\/www.virtualusatic.org\/index.php?rest_route=%2Fwp%2Fv2%2Fmedia&parent=27"}],"curies":[{"name":"wp","href":"https:\/\/api.w.org\/{rel}","templated":true}]}}