{"id":4588,"date":"2019-03-18T08:39:48","date_gmt":"2019-03-18T08:39:48","guid":{"rendered":"http:\/\/www.virtualusatic.org\/?page_id=4588"},"modified":"2019-03-18T08:39:48","modified_gmt":"2019-03-18T08:39:48","slug":"ediciones-anteriores-2016","status":"publish","type":"page","link":"https:\/\/www.virtualusatic.org\/?page_id=4588","title":{"rendered":"Ediciones anteriores &#8211; 2016"},"content":{"rendered":"<h1><span style=\"color: #ff0000;\">Acceso a la informaci\u00f3n del a\u00f1o 2016<\/span><\/h1>\n<ul class=\"list-group\">\n<li class=\"list-group-item\"><a title=\"Libro\" href=\" http:\/\/www.virtualusatic.org\/?page_id=3178\">Libro<\/a><\/li>\n<li class=\"list-group-item\"><a title=\"Actas 2016\" href=\"http:\/\/www.virtualusatic.org\/?page_id=2977\">Actas<\/a><\/li>\n<li class=\"list-group-item\"><a title=\"Webconferencias 2016\" href=\"http:\/\/www.virtualusatic.org\/?p=2948\">Webconferencias<\/a><\/li>\n<li class=\"list-group-item\"><a title=\"Comunicaciones 2016\" href=\"http:\/\/www.virtualusatic.org\/?page_id=2885\">Comunicaciones<\/a><\/li>\n<li class=\"list-group-item\"><a title=\"P\u00f3steres 2016\" href=\"http:\/\/www.virtualusatic.org\/?page_id=2946\">P\u00f3steres<\/a><\/li>\n<\/ul>\n","protected":false},"excerpt":{"rendered":"<p>Acceso a la informaci\u00f3n del a\u00f1o 2016 Libro Actas Webconferencias Comunicaciones P\u00f3steres<\/p>\n","protected":false},"author":3,"featured_media":0,"parent":0,"menu_order":0,"comment_status":"closed","ping_status":"open","template":"","meta":{"footnotes":""},"_links":{"self":[{"href":"https:\/\/www.virtualusatic.org\/index.php?rest_route=\/wp\/v2\/pages\/4588"}],"collection":[{"href":"https:\/\/www.virtualusatic.org\/index.php?rest_route=\/wp\/v2\/pages"}],"about":[{"href":"https:\/\/www.virtualusatic.org\/index.php?rest_route=\/wp\/v2\/types\/page"}],"author":[{"embeddable":true,"href":"https:\/\/www.virtualusatic.org\/index.php?rest_route=\/wp\/v2\/users\/3"}],"replies":[{"embeddable":true,"href":"https:\/\/www.virtualusatic.org\/index.php?rest_route=%2Fwp%2Fv2%2Fcomments&post=4588"}],"version-history":[{"count":1,"href":"https:\/\/www.virtualusatic.org\/index.php?rest_route=\/wp\/v2\/pages\/4588\/revisions"}],"predecessor-version":[{"id":4589,"href":"https:\/\/www.virtualusatic.org\/index.php?rest_route=\/wp\/v2\/pages\/4588\/revisions\/4589"}],"wp:attachment":[{"href":"https:\/\/www.virtualusatic.org\/index.php?rest_route=%2Fwp%2Fv2%2Fmedia&parent=4588"}],"curies":[{"name":"wp","href":"https:\/\/api.w.org\/{rel}","templated":true}]}}