{"id":4951,"date":"2020-02-26T19:11:22","date_gmt":"2020-02-26T19:11:22","guid":{"rendered":"http:\/\/www.virtualusatic.org\/?page_id=4951"},"modified":"2020-09-23T10:07:30","modified_gmt":"2020-09-23T10:07:30","slug":"ediciones-anteriores-2019","status":"publish","type":"page","link":"https:\/\/www.virtualusatic.org\/?page_id=4951","title":{"rendered":"Ediciones anteriores &#8211; 2019"},"content":{"rendered":"<h1><span style=\"color: #ff0000;\">Acceso a la informaci\u00f3n del a\u00f1o 2019<\/span><\/h1>\n<ul>\n<li><a title=\"Libro\" href=\"http:\/\/www.virtualusatic.org\/?page_id=5604\">Libro<\/a><\/li>\n<li><a title=\"Actas 2019\" href=\"http:\/\/www.virtualusatic.org\/?page_id=4955\">Actas<\/a><\/li>\n<li><a title=\"Webconferencias 2019\" href=\"http:\/\/www.virtualusatic.org\/?page_id=4990\">Webconferencias<\/a><\/li>\n<li><a title=\"Comunicaciones 2019\" href=\"http:\/\/www.virtualusatic.org\/?page_id=4970\">Comunicaciones<\/a><\/li>\n<li><a title=\"P\u00f3steres 2019\" href=\"http:\/\/www.virtualusatic.org\/?page_id=4979\">P\u00f3steres<\/a><\/li>\n<\/ul>\n","protected":false},"excerpt":{"rendered":"<p>Acceso a la informaci\u00f3n del a\u00f1o 2019 Libro Actas Webconferencias Comunicaciones P\u00f3steres<\/p>\n","protected":false},"author":3,"featured_media":0,"parent":0,"menu_order":0,"comment_status":"closed","ping_status":"open","template":"","meta":{"footnotes":""},"_links":{"self":[{"href":"https:\/\/www.virtualusatic.org\/index.php?rest_route=\/wp\/v2\/pages\/4951"}],"collection":[{"href":"https:\/\/www.virtualusatic.org\/index.php?rest_route=\/wp\/v2\/pages"}],"about":[{"href":"https:\/\/www.virtualusatic.org\/index.php?rest_route=\/wp\/v2\/types\/page"}],"author":[{"embeddable":true,"href":"https:\/\/www.virtualusatic.org\/index.php?rest_route=\/wp\/v2\/users\/3"}],"replies":[{"embeddable":true,"href":"https:\/\/www.virtualusatic.org\/index.php?rest_route=%2Fwp%2Fv2%2Fcomments&post=4951"}],"version-history":[{"count":13,"href":"https:\/\/www.virtualusatic.org\/index.php?rest_route=\/wp\/v2\/pages\/4951\/revisions"}],"predecessor-version":[{"id":5642,"href":"https:\/\/www.virtualusatic.org\/index.php?rest_route=\/wp\/v2\/pages\/4951\/revisions\/5642"}],"wp:attachment":[{"href":"https:\/\/www.virtualusatic.org\/index.php?rest_route=%2Fwp%2Fv2%2Fmedia&parent=4951"}],"curies":[{"name":"wp","href":"https:\/\/api.w.org\/{rel}","templated":true}]}}