{"id":6243,"date":"2023-03-16T10:33:06","date_gmt":"2023-03-16T10:33:06","guid":{"rendered":"https:\/\/www.virtualusatic.org\/?page_id=6243"},"modified":"2023-03-16T10:33:07","modified_gmt":"2023-03-16T10:33:07","slug":"webconferencias-2022","status":"publish","type":"page","link":"https:\/\/www.virtualusatic.org\/?page_id=6243","title":{"rendered":"Webconferencias 2022"},"content":{"rendered":"<p><strong><a href=\"https:\/\/webinars.eules.org\/javier-fabra-caro-presentacion-2022\/\" target=\"_blank\" rel=\"noopener noreferrer\">Volando entre las nubes: un paseo por las plataformas del futuro<\/a> (28 de junio de 2022)<\/strong><br \/>\npor<strong> Fco. Javier Fabra Caro<\/strong>, Director de Secretariado de Desarrollo y Transformaci\u00f3n Digital, Vicerrectorado de Educaci\u00f3n Digital y Formaci\u00f3n Permanente, Universidad de Zaragoza, Espa\u00f1a.<\/p>\n<p><strong><a href=\"https:\/\/webinars.eules.org\/cesar-caceres-taladriz-presentacion-2022\/\" target=\"_blank\" rel=\"noopener noreferrer\">La pelea de los estudiantes con el material docente<\/a> (29 de junio de 2022)<\/strong><br \/>\npor <strong>C\u00e9sar C\u00e1ceres Taladriz<\/strong>, Director Acad\u00e9mico del Centro de Innovaci\u00f3n Docente y Educaci\u00f3n Digital de la Universidad Rey Juan Carlos (URJC), Espa\u00f1a.<\/p>\n<p><strong><a href=\"https:\/\/webinars.eules.org\/patricia-heredia-presentacion-2022\/\" target=\"_blank\" rel=\"noopener noreferrer\">Divulgaci\u00f3n STEM para tod@s: hagamos visible lo invisible<\/a> (30 de junio de 2022)<\/strong><br \/>\npor <strong>Patricia Heredia<\/strong>, Ingeniera de Telecomunicaciones y divulgadora, Espa\u00f1a.<\/p>\n","protected":false},"excerpt":{"rendered":"<p>Volando entre las nubes: un paseo por las plataformas del futuro (28 de junio de 2022) por Fco. Javier Fabra Caro, Director de Secretariado de Desarrollo y Transformaci\u00f3n Digital, Vicerrectorado de Educaci\u00f3n Digital y Formaci\u00f3n Permanente, Universidad de Zaragoza, Espa\u00f1a. La pelea de los estudiantes con el material docente (29 de junio de 2022) por &hellip; <\/p>\n<p class=\"link-more\"><a href=\"https:\/\/www.virtualusatic.org\/?page_id=6243\" class=\"more-link\">Continuar leyendo<span class=\"screen-reader-text\"> \u00abWebconferencias 2022\u00bb<\/span><\/a><\/p>\n","protected":false},"author":3,"featured_media":0,"parent":0,"menu_order":0,"comment_status":"closed","ping_status":"closed","template":"","meta":{"footnotes":""},"_links":{"self":[{"href":"https:\/\/www.virtualusatic.org\/index.php?rest_route=\/wp\/v2\/pages\/6243"}],"collection":[{"href":"https:\/\/www.virtualusatic.org\/index.php?rest_route=\/wp\/v2\/pages"}],"about":[{"href":"https:\/\/www.virtualusatic.org\/index.php?rest_route=\/wp\/v2\/types\/page"}],"author":[{"embeddable":true,"href":"https:\/\/www.virtualusatic.org\/index.php?rest_route=\/wp\/v2\/users\/3"}],"replies":[{"embeddable":true,"href":"https:\/\/www.virtualusatic.org\/index.php?rest_route=%2Fwp%2Fv2%2Fcomments&post=6243"}],"version-history":[{"count":1,"href":"https:\/\/www.virtualusatic.org\/index.php?rest_route=\/wp\/v2\/pages\/6243\/revisions"}],"predecessor-version":[{"id":6244,"href":"https:\/\/www.virtualusatic.org\/index.php?rest_route=\/wp\/v2\/pages\/6243\/revisions\/6244"}],"wp:attachment":[{"href":"https:\/\/www.virtualusatic.org\/index.php?rest_route=%2Fwp%2Fv2%2Fmedia&parent=6243"}],"curies":[{"name":"wp","href":"https:\/\/api.w.org\/{rel}","templated":true}]}}