{"id":7116,"date":"2026-04-23T09:06:33","date_gmt":"2026-04-23T09:06:33","guid":{"rendered":"https:\/\/www.virtualusatic.org\/?page_id=7116"},"modified":"2026-04-23T09:18:10","modified_gmt":"2026-04-23T09:18:10","slug":"colaboradores-2026","status":"publish","type":"page","link":"https:\/\/www.virtualusatic.org\/?page_id=7116","title":{"rendered":"Colaboradores"},"content":{"rendered":"<p><strong>Colaboradores de Virtual USATIC<\/strong><\/p>\n<table style=\"height: 100%;\" border=\"0\" width=\"100%\">\n<tbody>\n<tr>\n<td style=\"text-align: center;\" width=\"25%\"><a href=\"http:\/\/www.educaciontrespuntocero.com\" target=\"_blank\" rel=\"noopener noreferrer\"><img loading=\"lazy\" decoding=\"async\" class=\"wp-image-3594 aligncenter\" draggable=\"true\" src=\"http:\/\/www.virtualusatic.org\/wp-content\/uploads\/2013\/04\/NuevoLOGOeducacion-3.0-2017-300x83.jpg\" alt=\"cabecera educacion 3.0 2017\" width=\"235\" height=\"65\" data-bukket-ext-bukket-draggable=\"true\" srcset=\"https:\/\/www.virtualusatic.org\/wp-content\/uploads\/2013\/04\/NuevoLOGOeducacion-3.0-2017-300x83.jpg 300w, https:\/\/www.virtualusatic.org\/wp-content\/uploads\/2013\/04\/NuevoLOGOeducacion-3.0-2017-768x212.jpg 768w, https:\/\/www.virtualusatic.org\/wp-content\/uploads\/2013\/04\/NuevoLOGOeducacion-3.0-2017-1024x283.jpg 1024w, https:\/\/www.virtualusatic.org\/wp-content\/uploads\/2013\/04\/NuevoLOGOeducacion-3.0-2017.jpg 2008w\" sizes=\"(max-width: 235px) 100vw, 235px\" \/><\/a><\/td>\n<td>Educaci\u00f3n 3.0, <a href=\"http:\/\/www.educaciontrespuntocero.com\" target=\"_blank\" rel=\"noopener noreferrer\">http:\/\/www.educaciontrespuntocero.com<\/a>, colabora difundiendo el Congreso.<\/td>\n<\/tr>\n<tr>\n<td style=\"text-align: center;\" width=\"25%\"><a href=\"http:\/\/www.virtualusatic.org\/wp-content\/uploads\/2026\/04\/wooclap-icon-01.png\" target=\"_blank\" rel=\"noopener noreferrer\"><img loading=\"lazy\" decoding=\"async\" class=\"alignnone wp-image-7119 \" draggable=\"true\" src=\"http:\/\/www.virtualusatic.org\/wp-content\/uploads\/2026\/04\/wooclap-icon-01-300x300.png\" alt=\"Wooclap\" width=\"65\" height=\"65\" data-bukket-ext-bukket-draggable=\"true\" srcset=\"https:\/\/www.virtualusatic.org\/wp-content\/uploads\/2026\/04\/wooclap-icon-01-300x300.png 300w, https:\/\/www.virtualusatic.org\/wp-content\/uploads\/2026\/04\/wooclap-icon-01-1024x1024.png 1024w, https:\/\/www.virtualusatic.org\/wp-content\/uploads\/2026\/04\/wooclap-icon-01-150x150.png 150w, https:\/\/www.virtualusatic.org\/wp-content\/uploads\/2026\/04\/wooclap-icon-01-768x768.png 768w, https:\/\/www.virtualusatic.org\/wp-content\/uploads\/2026\/04\/wooclap-icon-01-100x100.png 100w, https:\/\/www.virtualusatic.org\/wp-content\/uploads\/2026\/04\/wooclap-icon-01.png 1042w\" sizes=\"(max-width: 65px) 100vw, 65px\" \/><\/a><\/td>\n<td>Wooclap, <a href=\"https:\/\/www.wooclap.com\/es\/\" target=\"_blank\" rel=\"noopener noreferrer\">https:\/\/www.wooclap.com\/es\/<\/a>, colabora difundiendo el Congreso.<\/td>\n<\/tr>\n<tr>\n<td style=\"text-align: center;\" width=\"25%\"><a title=\"oeglobal\" href=\"https:\/\/www.oeglobal.org\/\" target=\"_blank\" rel=\"noopener noreferrer\"><img loading=\"lazy\" decoding=\"async\" class=\"wp-image-2124 aligncenter\" draggable=\"true\" src=\"http:\/\/www.virtualusatic.org\/wp-content\/uploads\/2023\/05\/OE-Global.png\" alt=\"Open Education Global\" width=\"211\" height=\"49\" data-bukket-ext-bukket-draggable=\"true\" \/><\/a><\/td>\n<td>Open Education Global, <a href=\"https:\/\/www.oeglobal.org\/\" target=\"_blank\" rel=\"noopener noreferrer\">https:\/\/www.oeglobal.org\/<\/a>, colabora difundiendo el Congreso.<\/td>\n<\/tr>\n<\/tbody>\n<\/table>\n<p><!--\n\n\n<tr>\n\n\n<td style=\"text-align: center;\" width=\"25%\"><a href=\"https:\/\/catbs.unizar.es\/\" target=\"_blank\" rel=\"noopener noreferrer\"><img loading=\"lazy\" decoding=\"async\" class=\"size-medium wp-image-1338 aligncenter\" draggable=\"true\" src=\"http:\/\/www.virtualusatic.org\/wp-content\/uploads\/2013\/04\/LOGOCOMPLETO_sinfondo-300x79.png\" alt=\"C\u00e1tedra Banco Santander\" width=\"225\" height=\"60\" data-bukket-ext-bukket-draggable=\"true\" srcset=\"https:\/\/www.virtualusatic.org\/wp-content\/uploads\/2013\/04\/LOGOCOMPLETO_sinfondo-300x79.png 300w, https:\/\/www.virtualusatic.org\/wp-content\/uploads\/2013\/04\/LOGOCOMPLETO_sinfondo.png 602w\" sizes=\"(max-width: 225px) 100vw, 225px\" \/><\/a><\/td>\n\n\n\n\n<td>C\u00e1tedra Banco Santander de la Universidad de Zaragoza para la colaboraci\u00f3n en las nuevas tecnolog\u00edas en la formaci\u00f3n universitaria,\u00a0<a title=\"C\u00e1tedra Banco Santander de la Universidad de Zaragoza\" href=\"https:\/\/catbs.unizar.es\/\" target=\"_blank\" rel=\"noopener noreferrer\">https:\/\/catbs.unizar.es\/<\/a><\/td>\n\n\n<\/tr>\n\n\n\n\n<tr>\n\n\n<td style=\"text-align: center;\" width=\"25%\"><a href=\"https:\/\/www.metared.org\/global\/index.html\" target=\"_blank\" rel=\"noopener noreferrer\"><img loading=\"lazy\" decoding=\"async\" class=\"alignnone wp-image-5784 size-medium\" draggable=\"true\" src=\"http:\/\/www.virtualusatic.org\/wp-content\/uploads\/2021\/05\/logo-header-global-new-300x94.png\" alt=\"\" width=\"300\" height=\"94\" data-bukket-ext-bukket-draggable=\"true\" srcset=\"https:\/\/www.virtualusatic.org\/wp-content\/uploads\/2021\/05\/logo-header-global-new-300x94.png 300w, https:\/\/www.virtualusatic.org\/wp-content\/uploads\/2021\/05\/logo-header-global-new-1024x321.png 1024w, https:\/\/www.virtualusatic.org\/wp-content\/uploads\/2021\/05\/logo-header-global-new-768x241.png 768w, https:\/\/www.virtualusatic.org\/wp-content\/uploads\/2021\/05\/logo-header-global-new-1536x481.png 1536w, https:\/\/www.virtualusatic.org\/wp-content\/uploads\/2021\/05\/logo-header-global-new.png 1739w\" sizes=\"(max-width: 300px) 100vw, 300px\" \/><\/a><\/td>\n\n\n\n\n<td>MetaRed, <a title=\"Universia\" href=\"https:\/\/www.metared.org\/global\/index.html\" target=\"_blank\" rel=\"noopener noreferrer\">https:\/\/www.metared.org\/global\/index.html<\/a>, colabora difundiendo el Congreso.<\/td>\n\n\n<\/tr>\n\n\n\n\n<tr>\n\n\n<td style=\"text-align: center;\" width=\"25%\"><a href=\"http:\/\/www.universia.es\" target=\"_blank\" rel=\"noopener noreferrer\"><img loading=\"lazy\" decoding=\"async\" class=\"size-full wp-image-506 aligncenter\" draggable=\"true\" src=\"http:\/\/www.virtualusatic.org\/wp-content\/uploads\/2013\/04\/logo-universia.jpg\" alt=\"logo-universia\" width=\"180\" height=\"54\" data-bukket-ext-bukket-draggable=\"true\" \/><\/a><\/td>\n\n\n\n\n<td>Universia, <a title=\"Universia\" href=\"http:\/\/www.universia.es\" target=\"_blank\" rel=\"noopener noreferrer\">http:\/\/www.universia.es<\/a>, colabora difundiendo el Congreso.<\/td>\n\n\n<\/tr>\n\n\n\n\n<tr>\n\n\n<td style=\"text-align: center;\" width=\"25%\"><a title=\"crue\" href=\"http:\/\/www.crue.org\/TIC\/\" target=\"_blank\" rel=\"noopener noreferrer\"><img loading=\"lazy\" decoding=\"async\" class=\"wp-image-2125 aligncenter\" draggable=\"true\" src=\"http:\/\/www.virtualusatic.org\/wp-content\/uploads\/2015\/04\/cruetic.png\" alt=\"\" width=\"205\" height=\"128\" data-bukket-ext-bukket-draggable=\"true\" srcset=\"https:\/\/www.virtualusatic.org\/wp-content\/uploads\/2015\/04\/cruetic.png 490w, https:\/\/www.virtualusatic.org\/wp-content\/uploads\/2015\/04\/cruetic-300x187.png 300w\" sizes=\"(max-width: 205px) 100vw, 205px\" \/><\/a><\/td>\n\n\n\n\n<td>CRUE TIC, Comisi\u00f3n sectorial de Tecnolog\u00edas de la Informaci\u00f3n y las Comunicaciones de la Conferencia de Rectores de Universidades Espa\u00f1olas, <a title=\"CRUE TIC\" href=\"https:\/\/www.crue.org\/comision-sectorial\/tic\/\" target=\"_blank\" rel=\"noopener noreferrer\">https:\/\/www.crue.org\/comision-sectorial\/tic\/<\/a> colabora difundiendo el Congreso.<\/td>\n\n\n<\/tr>\n\n\n\n\n<tr>\n\n\n<td width=\"25%\"><a href=\"http:\/\/es.coursesites.com\/\" target=\"_blank\" rel=\"noopener noreferrer\"><img loading=\"lazy\" decoding=\"async\" class=\"size-medium wp-image-160 aligncenter\" draggable=\"true\" src=\"http:\/\/www.virtualusatic.org\/wp-content\/uploads\/2013\/04\/coursesites-300x108.jpg\" alt=\"Coursesites\" width=\"187\" height=\"67\" data-bukket-ext-bukket-draggable=\"true\" srcset=\"https:\/\/www.virtualusatic.org\/wp-content\/uploads\/2013\/04\/coursesites-300x108.jpg 300w, https:\/\/www.virtualusatic.org\/wp-content\/uploads\/2013\/04\/coursesites.jpg 381w\" sizes=\"(max-width: 187px) 100vw, 187px\" \/><\/a><\/td>\n\n\n\n\n<td>CourseSites, <a title=\"CourseSites\" href=\"http:\/\/es.coursesites.com\" target=\"_blank\" rel=\"noopener noreferrer\">http:\/\/es.coursesites.com<\/a><\/td>\n\n\n<\/tr>\n\n\n\n\n<tr>\n\n\n<td width=\"25%\"><a href=\"http:\/\/blackboardcollaborate.com\/\" target=\"_blank\" rel=\"noopener noreferrer\"><img loading=\"lazy\" decoding=\"async\" class=\"size-medium wp-image-335 aligncenter\" src=\"http:\/\/www.virtualusatic.org\/wp-content\/uploads\/2013\/04\/collaborate-logo-300x123.jpg\" alt=\"collaborate logo\" width=\"179\" height=\"73\" srcset=\"https:\/\/www.virtualusatic.org\/wp-content\/uploads\/2013\/04\/collaborate-logo-300x123.jpg 300w, https:\/\/www.virtualusatic.org\/wp-content\/uploads\/2013\/04\/collaborate-logo.jpg 350w\" sizes=\"(max-width: 179px) 100vw, 179px\" \/><\/a><\/td>\n\n\n\n\n<td>Blackboard Collaborate, <a href=\"http:\/\/blackboardcollaborate.com\" target=\"_blank\" rel=\"noopener noreferrer\">http:\/\/blackboardcollaborate.com<\/a>, proporciona la tecnolog\u00eda de las Salas de Conferencia Web para la colaboraci\u00f3n y formaci\u00f3n.<\/td>\n\n\n<\/tr>\n\n\n\n\n<tr>\n\n\n<td width=\"25%\"><a href=\"http:\/\/www.blackboard.com\/\" target=\"_blank\" rel=\"noopener noreferrer\"><img loading=\"lazy\" decoding=\"async\" class=\"size-medium wp-image-334 aligncenter\" draggable=\"true\" src=\"http:\/\/www.virtualusatic.org\/wp-content\/uploads\/2013\/04\/Bb_newLogo-300x300.jpg\" alt=\"Bb_newLogo\" width=\"86\" height=\"86\" data-bukket-ext-bukket-draggable=\"true\" srcset=\"https:\/\/www.virtualusatic.org\/wp-content\/uploads\/2013\/04\/Bb_newLogo-300x300.jpg 300w, https:\/\/www.virtualusatic.org\/wp-content\/uploads\/2013\/04\/Bb_newLogo-150x150.jpg 150w, https:\/\/www.virtualusatic.org\/wp-content\/uploads\/2013\/04\/Bb_newLogo-1024x1024.jpg 1024w, https:\/\/www.virtualusatic.org\/wp-content\/uploads\/2013\/04\/Bb_newLogo.jpg 1200w\" sizes=\"(max-width: 86px) 100vw, 86px\" \/><\/a><\/td>\n\n\n\n\n<td>Blackboard, <a title=\"Blackboard\" href=\"http:\/\/www.blackboard.com\/\" target=\"_blank\" rel=\"noopener noreferrer\">http:\/\/www.blackboard.com\/<\/a> proporciona la tecnolog\u00eda Blackboard Collaborate&#x2122; de las Salas de Conferencia Web<\/td>\n\n\n<\/tr>\n\n\n\n\n<tr>\n\n\n<td width=\"25%\">\u00a0<a title=\"elearningmedia\" href=\"http:\/\/www.elearningmedia.es\/\" target=\"_blank\" rel=\"noopener noreferrer\"><img loading=\"lazy\" decoding=\"async\" class=\"wp-image-2126 aligncenter\" draggable=\"true\" src=\"http:\/\/www.virtualusatic.org\/wp-content\/uploads\/2015\/04\/elearning_media.png\" alt=\"elearning_media\" width=\"158\" height=\"45\" data-bukket-ext-bukket-draggable=\"true\" \/><\/a><\/td>\n\n\n\n\n<td>eLearning media, <a title=\"eLearning media\" href=\"http:\/\/www.elearningmedia.es\/\" target=\"_blank\" rel=\"noopener noreferrer\">http:\/\/www.elearningmedia.es\/<\/a>, consultora eLearning que facilita las salas de Webconferencia.<\/td>\n\n\n<\/tr>\n\n\n\n\n<tr>\n--><\/p>\n","protected":false},"excerpt":{"rendered":"<p>Colaboradores de Virtual USATIC Educaci\u00f3n 3.0, http:\/\/www.educaciontrespuntocero.com, colabora difundiendo el Congreso. Wooclap, https:\/\/www.wooclap.com\/es\/, colabora difundiendo el Congreso. Open Education Global, https:\/\/www.oeglobal.org\/, colabora difundiendo el Congreso.<\/p>\n","protected":false},"author":3,"featured_media":0,"parent":0,"menu_order":0,"comment_status":"closed","ping_status":"closed","template":"","meta":{"footnotes":""},"_links":{"self":[{"href":"https:\/\/www.virtualusatic.org\/index.php?rest_route=\/wp\/v2\/pages\/7116"}],"collection":[{"href":"https:\/\/www.virtualusatic.org\/index.php?rest_route=\/wp\/v2\/pages"}],"about":[{"href":"https:\/\/www.virtualusatic.org\/index.php?rest_route=\/wp\/v2\/types\/page"}],"author":[{"embeddable":true,"href":"https:\/\/www.virtualusatic.org\/index.php?rest_route=\/wp\/v2\/users\/3"}],"replies":[{"embeddable":true,"href":"https:\/\/www.virtualusatic.org\/index.php?rest_route=%2Fwp%2Fv2%2Fcomments&post=7116"}],"version-history":[{"count":4,"href":"https:\/\/www.virtualusatic.org\/index.php?rest_route=\/wp\/v2\/pages\/7116\/revisions"}],"predecessor-version":[{"id":7124,"href":"https:\/\/www.virtualusatic.org\/index.php?rest_route=\/wp\/v2\/pages\/7116\/revisions\/7124"}],"wp:attachment":[{"href":"https:\/\/www.virtualusatic.org\/index.php?rest_route=%2Fwp%2Fv2%2Fmedia&parent=7116"}],"curies":[{"name":"wp","href":"https:\/\/api.w.org\/{rel}","templated":true}]}}